{"id":861,"date":"2020-09-01T20:51:48","date_gmt":"2020-09-01T17:51:48","guid":{"rendered":"http:\/\/tadeo.lv\/?page_id=861"},"modified":"2020-12-14T14:32:02","modified_gmt":"2020-12-14T12:32:02","slug":"juridiskam-personam","status":"publish","type":"page","link":"https:\/\/tadeo.lv\/index.php\/juridiskam-personam\/?lang=lv","title":{"rendered":"Uz\u0146\u0113mumiem"},"content":{"rendered":"<div class=\"flex-row juridic-row\">\n<div onclick=\"window.location='index.php\/cesijas\/'\" class=\"juridic-colum\">\n<h2 class=\"juridic-column-heading\">CESIJAS<\/h2>\n<\/div>\n<div onclick=\"window.location='index.php\/darba-tiesibas\/'\" class=\"juridic-colum\">\n<h2 class=\"juridic-column-heading\">DARBA<br \/>\nTIES\u012aBAS<\/h2>\n<\/div>\n<div onclick=\"window.location='index.php\/darijuma-ligumi\/'\" class=\"juridic-colum\">\n<h2 class=\"juridic-column-heading\">DAR\u012aJUMA<br \/>\nL\u012aGUMI<\/h2>\n<\/div>\n<div onclick=\"window.location='index.php\/maksatnespeja-juridiskam-personam\/'\" class=\"juridic-colum\">\n<h2 class=\"juridic-column-heading\">MAKS\u0100TNESP\u0112JA<\/h2>\n<\/div>\n<\/div>\n<div class=\"flex-row juridic-row\">\n<div onclick=\"window.location='index.php\/nekustamais-ipasums\/'\" class=\"juridic-colum\">\n<h2 class=\"juridic-column-heading\">NEKUSTAMAIS<br \/>\n\u012aPA\u0160UMS<\/h2>\n<\/div>\n<div onclick=\"window.location='index.php\/paradu-piedzina\/'\" class=\"juridic-colum\">\n<h2 class=\"juridic-column-heading\">PAR\u0100DU<br \/>\nPIEDZI\u0145A<\/h2>\n<\/div>\n<div onclick=\"window.location='index.php\/socialo-uznemumu-registracija\/'\" class=\"juridic-colum\">\n<h2 class=\"juridic-column-heading\">SOCI\u0100L\u0100<br \/>\nUZ\u0145\u0112MUMA<br \/>\nRE\u0122ISTR\u0100CIJA<\/h2>\n<\/div>\n<div onclick=\"window.location='index.php\/publisko-iepirkumu-apstridesana\/'\" class=\"juridic-colum\">\n<h2 class=\"juridic-column-heading\">PUBLISKIE<br \/>\nIEPIRKUMI<\/h2>\n<\/div>\n<\/div>\n<div class=\"flex-row juridic-row\">\n<div onclick=\"window.location='index.php\/tiesisko-interesu-parstaviba-tiesibu-sargajosas-un-valsts-iestades-juridiskas-personas\/'\" class=\"juridic-colum\">\n<h2 class=\"juridic-column-heading\">TIESISKO<br \/>\nINTERE\u0160U<br \/>\nP\u0100RST\u0100V\u012aBA<br \/>\nVALSTS<br \/>\nIEST\u0100D\u0112S<\/h2>\n<\/div>\n<div onclick=\"window.location='index.php\/uznemumu-registracija-reorganizacija-likvidacija\/'\" class=\"juridic-colum\">\n<h2 class=\"juridic-column-heading\">UZ\u0145\u0112MUMA<br \/>\nRE\u0122ISTR\u0100CIJA<\/h2>\n<\/div>\n<div onclick=\"window.location='index.php\/vid-nodokli\/'\" class=\"juridic-colum\">\n<h2 class=\"juridic-column-heading\">VID<br \/>\nNODOK\u013bI<\/h2>\n<\/div>\n<\/div>\n","protected":false},"excerpt":{"rendered":"<p>CESIJAS DARBA TIES\u012aBAS DAR\u012aJUMA L\u012aGUMI MAKS\u0100TNESP\u0112JA NEKUSTAMAIS \u012aPA\u0160UMS PAR\u0100DU PIEDZI\u0145A SOCI\u0100L\u0100 UZ\u0145\u0112MUMA RE\u0122ISTR\u0100CIJA PUBLISKIE IEPIRKUMI TIESISKO INTERE\u0160U P\u0100RST\u0100V\u012aBA VALSTS IEST\u0100D\u0112S UZ\u0145\u0112MUMA RE\u0122ISTR\u0100CIJA VID NODOK\u013bI<\/p>\n","protected":false},"author":1,"featured_media":0,"parent":0,"menu_order":0,"comment_status":"closed","ping_status":"closed","template":"","meta":[],"_links":{"self":[{"href":"https:\/\/tadeo.lv\/index.php\/wp-json\/wp\/v2\/pages\/861"}],"collection":[{"href":"https:\/\/tadeo.lv\/index.php\/wp-json\/wp\/v2\/pages"}],"about":[{"href":"https:\/\/tadeo.lv\/index.php\/wp-json\/wp\/v2\/types\/page"}],"author":[{"embeddable":true,"href":"https:\/\/tadeo.lv\/index.php\/wp-json\/wp\/v2\/users\/1"}],"replies":[{"embeddable":true,"href":"https:\/\/tadeo.lv\/index.php\/wp-json\/wp\/v2\/comments?post=861"}],"version-history":[{"count":21,"href":"https:\/\/tadeo.lv\/index.php\/wp-json\/wp\/v2\/pages\/861\/revisions"}],"predecessor-version":[{"id":1247,"href":"https:\/\/tadeo.lv\/index.php\/wp-json\/wp\/v2\/pages\/861\/revisions\/1247"}],"wp:attachment":[{"href":"https:\/\/tadeo.lv\/index.php\/wp-json\/wp\/v2\/media?parent=861"}],"curies":[{"name":"wp","href":"https:\/\/api.w.org\/{rel}","templated":true}]}}