{"id":859,"date":"2020-09-01T20:51:23","date_gmt":"2020-09-01T17:51:23","guid":{"rendered":"http:\/\/tadeo.lv\/?page_id=859"},"modified":"2020-12-16T22:09:49","modified_gmt":"2020-12-16T20:09:49","slug":"privatpersonam","status":"publish","type":"page","link":"https:\/\/tadeo.lv\/index.php\/privatpersonam\/?lang=lv","title":{"rendered":"Priv\u0101tperson\u0101m"},"content":{"rendered":"<div class=\"flex-row juridic-row\">\n<div onclick=\"window.location='index.php\/bankas-krediti-lizingi\/'\" class=\"juridic-colum\">\n<h2 class=\"juridic-column-heading\">BANKAS KRED\u012aTI, L\u012aZINGI<\/h2>\n<\/div>\n<div onclick=\"window.location='index.php\/biedribu-nodibinajumu-registracija\/'\" class=\"juridic-colum\">\n<h2 class=\"juridic-column-heading\">BIEDR\u012aBU, NODIBIN\u0100JUMU RE\u0122ISTR\u0100CIJA<\/h2>\n<\/div>\n<div onclick=\"window.location='index.php\/darba-tiesibas\/'\" class=\"juridic-colum\">\n<h2 class=\"juridic-column-heading\">DARBA TIES\u012aBAS<\/h2>\n<\/div>\n<div onclick=\"window.location='index.php\/lauliba\/'\" class=\"juridic-colum\">\n<h2 class=\"juridic-column-heading\">LAUL\u012aBAS L\u012aGUMI, \u0160\u0136IR\u0160ANA<\/h2>\n<\/div>\n<div onclick=\"window.location='index.php\/maksatnespeja-fiziskam-personam\/'\" class=\"juridic-colum\">\n<h2 class=\"juridic-column-heading\">MAKS\u0100TNESP\u0112JA<\/h2>\n<\/div>\n<\/div>\n<div class=\"flex-row juridic-row\">\n<div onclick=\"window.location='index.php\/mantojums\/'\" class=\"juridic-colum\">\n<h2 class=\"juridic-column-heading\">MANTOJUMS<\/h2>\n<\/div>\n<div onclick=\"window.location='index.php\/nekustamais-ipasums\/'\" class=\"juridic-colum\">\n<h2 class=\"juridic-column-heading\">NEKUSTAMAIS \u012aPA\u0160UMS<\/h2>\n<\/div>\n<div onclick=\"window.location='index.php\/paradu-piedzina\/'\" class=\"juridic-colum\">\n<h2 class=\"juridic-column-heading\">PAR\u0100DU PIEDZI\u0145A<\/h2>\n<\/div>\n<div onclick=\"window.location='index.php\/tiesisko-interesu-parstaviba-tiesibu-sargajosas-un-valsts-iestade\/'\" class=\"juridic-colum\">\n<h2 class=\"juridic-column-heading\">TIESISKO INTERE\u0160U P\u0100RST\u0100V\u012aBA VALSTS IEST\u0100D\u0112S<\/h2>\n<\/div>\n<div onclick=\"window.location='index.php\/vid-nodokli-2\/'\" class=\"juridic-colum\">\n<h2 class=\"juridic-column-heading\">VID NODOK\u013bI<\/h2>\n<\/div>\n<\/div>\n","protected":false},"excerpt":{"rendered":"<p>BANKAS KRED\u012aTI, L\u012aZINGI BIEDR\u012aBU, NODIBIN\u0100JUMU RE\u0122ISTR\u0100CIJA DARBA TIES\u012aBAS LAUL\u012aBAS L\u012aGUMI, \u0160\u0136IR\u0160ANA MAKS\u0100TNESP\u0112JA MANTOJUMS NEKUSTAMAIS \u012aPA\u0160UMS PAR\u0100DU PIEDZI\u0145A TIESISKO INTERE\u0160U P\u0100RST\u0100V\u012aBA VALSTS IEST\u0100D\u0112S VID NODOK\u013bI<\/p>\n","protected":false},"author":1,"featured_media":0,"parent":0,"menu_order":0,"comment_status":"closed","ping_status":"closed","template":"","meta":[],"_links":{"self":[{"href":"https:\/\/tadeo.lv\/index.php\/wp-json\/wp\/v2\/pages\/859"}],"collection":[{"href":"https:\/\/tadeo.lv\/index.php\/wp-json\/wp\/v2\/pages"}],"about":[{"href":"https:\/\/tadeo.lv\/index.php\/wp-json\/wp\/v2\/types\/page"}],"author":[{"embeddable":true,"href":"https:\/\/tadeo.lv\/index.php\/wp-json\/wp\/v2\/users\/1"}],"replies":[{"embeddable":true,"href":"https:\/\/tadeo.lv\/index.php\/wp-json\/wp\/v2\/comments?post=859"}],"version-history":[{"count":63,"href":"https:\/\/tadeo.lv\/index.php\/wp-json\/wp\/v2\/pages\/859\/revisions"}],"predecessor-version":[{"id":1246,"href":"https:\/\/tadeo.lv\/index.php\/wp-json\/wp\/v2\/pages\/859\/revisions\/1246"}],"wp:attachment":[{"href":"https:\/\/tadeo.lv\/index.php\/wp-json\/wp\/v2\/media?parent=859"}],"curies":[{"name":"wp","href":"https:\/\/api.w.org\/{rel}","templated":true}]}}