{"id":853,"date":"2020-09-01T20:49:06","date_gmt":"2020-09-01T17:49:06","guid":{"rendered":"http:\/\/tadeo.lv\/?page_id=853"},"modified":"2020-10-13T11:51:04","modified_gmt":"2020-10-13T08:51:04","slug":"vid-nodokli-2","status":"publish","type":"page","link":"https:\/\/tadeo.lv\/index.php\/vid-nodokli-2\/?lang=lv","title":{"rendered":"VID nodok\u013ci"},"content":{"rendered":"<p>Tiesisks process ar valsts iest\u0101di ir gana sare\u017e\u0123\u012bts un bez konkr\u0113tiem faktiem un likumiski pamatotiem argumentiem, p\u0101rk\u0101puma apstr\u012bd\u0113\u0161ana pa\u0161u sp\u0113kiem ir praktiski bezj\u0113dz\u012bgs laika, naudas un nervu pat\u0113ri\u0146\u0161. Valsts Ie\u0146\u0113mumu dienesta nodok\u013cu administr\u0101cijas l\u0113mumu vai jebkura cita administrat\u012bv\u0101 akta p\u0101rs\u016bdz\u0113\u0161an\u0101 Jums noteikti b\u016bs nepiecie\u0161ams juridiskais atbalsts.<\/p>\n<p><strong>M\u0113s, TADEO, k\u0101 juridisko pakalpojumu sniedz\u0113js varam Jums pied\u0101v\u0101t:<\/strong><\/p>\n<ul>\n<li>juridisk\u0101s konsult\u0101cijas jaut\u0101jumos, kas saist\u012bti ar nodok\u013cu administr\u0101cijas pie\u0146emto l\u0113mumu apstr\u012bd\u0113\u0161anu;<\/li>\n<li>uzzi\u0146u piepras\u012bjumu sagatavo\u0161anu to iesnieg\u0161anai VID;<\/li>\n<li>iesniegumu un s\u016bdz\u012bbu sagatavo\u0161anu to iesnieg\u0161anai VID amatperson\u0101m, tai skait\u0101 VID \u0123ener\u0101ldirektoram;<\/li>\n<li>s\u016bdz\u012bbu, tai skait\u0101 apel\u0101cijas un kas\u0101cijas s\u016bdz\u012bbu sagatavo\u0161anu to iesnieg\u0161anai ties\u0101 administrat\u012bv\u0101 procesa ietvaros.<\/li>\n<\/ul>\n<p><strong>K\u0101p\u0113c ir nepiecie\u0161ams juridiskais atbalsts sazi\u0146ai ar VID?<\/strong><\/p>\n<p>Jurists objekt\u012bvi sp\u0113s izv\u0113rt\u0113t J\u016bsu konkr\u0113to gad\u012bjumu un sniegs Jums kvalific\u0113tu juridisku konsult\u0101ciju par J\u016bsu interes\u0113jo\u0161o jaut\u0101jumu.<\/p>\n<p>Gad\u012bjumos, kad juridiskais atbalsts ir saist\u0101ms ar Jums nelabv\u0113l\u012bga administrat\u012bv\u0101 akta vai l\u0113muma par piem\u0113rota administrat\u012bva soda apstr\u012bd\u0113\u0161anu, jurists izv\u0113rt\u0113s administrat\u012bv\u0101 akta tiesiskumu, administrat\u012bv\u0101 p\u0101rk\u0101puma pamatot\u012bbu un sagatavos attiec\u012bg\u0101s s\u016bdz\u012bbas iest\u0101des ietvaros.<\/p>\n<p>Svar\u012bgi, ka min\u0113taj\u0101m s\u016bdz\u012bb\u0101m ir zin\u0101ma p\u0113ctec\u012bba, t\u0101d\u0113j\u0101di, sagatavojot s\u0101kotn\u0113jo s\u016bdz\u012bbu, j\u0101\u0146em v\u0113r\u0101, ka attiec\u012bg\u0101 s\u016bdz\u012bba n\u0101kotn\u0113 b\u016bs j\u0101virza uz tiesu, t\u0101d\u0113\u013c savlaic\u012bga jurista piesaist\u012b\u0161ana nerad\u012bs nevajadz\u012bgas k\u013c\u016bdas uzs\u0101ktajos p\u0101rs\u016bdz\u012bbas procesos.<\/p>\n","protected":false},"excerpt":{"rendered":"<p>Tiesisks process ar valsts iest\u0101di ir gana sare\u017e\u0123\u012bts un bez konkr\u0113tiem faktiem un likumiski pamatotiem argumentiem, p\u0101rk\u0101puma apstr\u012bd\u0113\u0161ana pa\u0161u sp\u0113kiem ir praktiski bezj\u0113dz\u012bgs laika, naudas un nervu pat\u0113ri\u0146\u0161. Valsts Ie\u0146\u0113mumu &#8230;<\/p>\n","protected":false},"author":1,"featured_media":0,"parent":0,"menu_order":0,"comment_status":"closed","ping_status":"closed","template":"","meta":[],"_links":{"self":[{"href":"https:\/\/tadeo.lv\/index.php\/wp-json\/wp\/v2\/pages\/853"}],"collection":[{"href":"https:\/\/tadeo.lv\/index.php\/wp-json\/wp\/v2\/pages"}],"about":[{"href":"https:\/\/tadeo.lv\/index.php\/wp-json\/wp\/v2\/types\/page"}],"author":[{"embeddable":true,"href":"https:\/\/tadeo.lv\/index.php\/wp-json\/wp\/v2\/users\/1"}],"replies":[{"embeddable":true,"href":"https:\/\/tadeo.lv\/index.php\/wp-json\/wp\/v2\/comments?post=853"}],"version-history":[{"count":5,"href":"https:\/\/tadeo.lv\/index.php\/wp-json\/wp\/v2\/pages\/853\/revisions"}],"predecessor-version":[{"id":1072,"href":"https:\/\/tadeo.lv\/index.php\/wp-json\/wp\/v2\/pages\/853\/revisions\/1072"}],"wp:attachment":[{"href":"https:\/\/tadeo.lv\/index.php\/wp-json\/wp\/v2\/media?parent=853"}],"curies":[{"name":"wp","href":"https:\/\/api.w.org\/{rel}","templated":true}]}}