{"id":843,"date":"2020-09-01T20:33:30","date_gmt":"2020-09-01T17:33:30","guid":{"rendered":"http:\/\/tadeo.lv\/?page_id=843"},"modified":"2020-10-13T11:35:33","modified_gmt":"2020-10-13T08:35:33","slug":"mantojums","status":"publish","type":"page","link":"https:\/\/tadeo.lv\/index.php\/mantojums\/?lang=lv","title":{"rendered":"Mantojums"},"content":{"rendered":"<p>Ne vienm\u0113r mantojuma lietas notiek gludi un var izveidoties situ\u0101cija, kad mantinieku starp\u0101 rodas nesaska\u0146as. <strong>M\u016bsu juridisk\u0101 biroja profesion\u0101\u013ci var Jums pal\u012bdz\u0113t ar pal\u012bdz\u012bbu juridiskos jaut\u0101jumos un veiksm\u012bgi sak\u0101rtot visu, kas saist\u012bts ar mantojuma liet\u0101m, sniedzot \u0161\u0101dus pakalpojumus:<\/strong><\/p>\n<ul>\n<li>juridisk\u0101s konsult\u0101cijas saist\u012bb\u0101 ar mantojumu, mantojuma l\u012bguma vai testamenta sagatavo\u0161anu;<\/li>\n<li>mantojuma pras\u012bbas sagatavo\u0161anu un uztur\u0113\u0161anu ties\u0101;<\/li>\n<li>p\u0101rst\u0101v\u012bbu ar mantojuma lietu izpildi saist\u012btos jaut\u0101jumos.<\/li>\n<\/ul>\n<p><strong>K\u0101p\u0113c nepiecie\u0161ams juridiskais atbalsts mantojuma liet\u0101s?<\/strong><\/p>\n<p>Jurists Jums pal\u012bdz\u0113s izprast juridisk\u0101s nianses, kas j\u0101\u0146em v\u0113r\u0101 sagatavojot mantojuma l\u012bgumu vai testamentu. Str\u012bdus gad\u012bjum\u0101, lai nezaud\u0113tu Jums pien\u0101ko\u0161os mantojumu, jurists Jums pal\u012bdz\u0113s sagatavot dokumentus mantojuma pras\u012bbas cel\u0161anai ties\u0101, k\u0101 ar\u012b p\u0101rst\u0101v\u0113s J\u016bsu intereses tiesved\u012bbas proces\u0101.<\/p>\n<p>Savlaic\u012bga juridisk\u0101 pakalpojumu sniedz\u0113ja piesaiste Jums pal\u012bdz\u0113s prec\u012bz\u0101k sasniegt J\u016bsu v\u0113lamo rezult\u0101tu un nerad\u012bs Jums liekus izdevumus un zaud\u0113jumus, kas var rasties nesak\u0101rtotu mantojuma lietu d\u0113\u013c.<\/p>\n<p>Mantojums ir kop\u012bba, kur\u0101 ietilpst visa kustam\u0101 un nekustam\u0101 manta, k\u0101 ar\u012b citiem atdodam\u0101s ties\u012bbas un saist\u012bbas. Mantojums p\u0113c savas juridisk\u0101s formas ir juridiska persona. L\u012bdz br\u012bdim, kad mantojumu ieg\u016bst mantinieks, mantojuma masa ir patst\u0101v\u012bgs civiltiesisk\u0101s apgroz\u012bbas subjekts, kas var ieg\u016bt ties\u012bbas un ar\u012b pild\u012bt saist\u012bbas.<\/p>\n<p>Pieaugot zin\u0101\u0161anu l\u012bmenim un soci\u0101lai labkl\u0101j\u012bbai kopum\u0101, kas, protams, ir saist\u012bts ar akt\u012bvu pieaugumu, m\u0113s uzdodam sev jaut\u0101jumus, \u2013 kas notiks ar manu mantu p\u0113c manas n\u0101ves, kas par\u016bp\u0113sies par maniem tuvajiem un k\u0101 \u0161os jaut\u0101jumus sak\u0101rtot atbilsto\u0161i man\u0101m v\u0113lm\u0113m. \u0160os jaut\u0101jumus ir iesp\u0113jams nok\u0101rtot ar l\u012bgumisko manto\u0161anu vai ar\u012b testamentu.<\/p>\n<p>Gad\u012bjumos, kad nav nosl\u0113gts attiec\u012bgs mantojuma l\u012bgums vai mantojuma atst\u0101j\u0113js nav atst\u0101jis p\u0113d\u0113j\u0101s gribas r\u012bkojumu \u2013 testamentu, tad manto\u0161ana notiek saska\u0146\u0101 ar likumu \u2013 likumisk\u0101 manto\u0161ana, kuras pamat\u0101 ir mantojuma atst\u0101j\u0113ja un likumisko mantinieku tuv\u0101k\u0101s un t\u0101l\u0101k\u0101s \u0123imenes un radniec\u012bbas attiec\u012bbas p\u0113c pamatprincipa, ka vispirms manto tuv\u0101kie.<\/p>\n<p>Praks\u0113 m\u0113dz b\u016bt gad\u012bjumi, kad ar mantojuma l\u012bgumu vai testamentu tiek atraid\u012bti neatraid\u0101mie mantinieki, un \u0161\u0101da r\u012bc\u012bba ir pretrun\u0101 ar normat\u012bvo regul\u0113jumu, t\u0101d\u0113j\u0101di ir apstr\u012bdama no neatraid\u0101mo mantinieku puses, kas ir laul\u0101tais, lejup\u0113jie radinieki (b\u0113rni, mazb\u0113rni), bet to neesam\u012bbas gad\u012bjum\u0101 \u2013 tuv\u0101k\u0101s pak\u0101pes aug\u0161up\u0113jie radinieki.<\/p>\n","protected":false},"excerpt":{"rendered":"<p>Ne vienm\u0113r mantojuma lietas notiek gludi un var izveidoties situ\u0101cija, kad mantinieku starp\u0101 rodas nesaska\u0146as. M\u016bsu juridisk\u0101 biroja profesion\u0101\u013ci var Jums pal\u012bdz\u0113t ar pal\u012bdz\u012bbu juridiskos jaut\u0101jumos un veiksm\u012bgi sak\u0101rtot visu, &#8230;<\/p>\n","protected":false},"author":1,"featured_media":0,"parent":0,"menu_order":0,"comment_status":"closed","ping_status":"closed","template":"","meta":[],"_links":{"self":[{"href":"https:\/\/tadeo.lv\/index.php\/wp-json\/wp\/v2\/pages\/843"}],"collection":[{"href":"https:\/\/tadeo.lv\/index.php\/wp-json\/wp\/v2\/pages"}],"about":[{"href":"https:\/\/tadeo.lv\/index.php\/wp-json\/wp\/v2\/types\/page"}],"author":[{"embeddable":true,"href":"https:\/\/tadeo.lv\/index.php\/wp-json\/wp\/v2\/users\/1"}],"replies":[{"embeddable":true,"href":"https:\/\/tadeo.lv\/index.php\/wp-json\/wp\/v2\/comments?post=843"}],"version-history":[{"count":6,"href":"https:\/\/tadeo.lv\/index.php\/wp-json\/wp\/v2\/pages\/843\/revisions"}],"predecessor-version":[{"id":1055,"href":"https:\/\/tadeo.lv\/index.php\/wp-json\/wp\/v2\/pages\/843\/revisions\/1055"}],"wp:attachment":[{"href":"https:\/\/tadeo.lv\/index.php\/wp-json\/wp\/v2\/media?parent=843"}],"curies":[{"name":"wp","href":"https:\/\/api.w.org\/{rel}","templated":true}]}}