{"id":827,"date":"2020-09-01T20:19:21","date_gmt":"2020-09-01T17:19:21","guid":{"rendered":"http:\/\/tadeo.lv\/?page_id=827"},"modified":"2020-11-26T19:11:09","modified_gmt":"2020-11-26T17:11:09","slug":"lauliba","status":"publish","type":"page","link":"https:\/\/tadeo.lv\/index.php\/lauliba\/?lang=lv","title":{"rendered":"Laul\u012bbas l\u012bgumi \u0161\u0137ir\u0161ana"},"content":{"rendered":"<p>Ja nepiecie\u0161ama laul\u012bbas l\u012bguma sagatavo\u0161ana vai radu\u0161\u0101s nesaska\u0146as starp laul\u0101taj\u0101m pus\u0113m, un nepiecie\u0161ama juridiska iejauk\u0161an\u0101s, izv\u0113lieties profesion\u0101lus juristus, kas sp\u0113s \u0101tri un kvalitat\u012bvi atrisin\u0101t jebkuru situ\u0101ciju un sniegt juridisko pal\u012bdz\u012bbu.<\/p>\n<p><strong>M\u0113s, TADEO, pied\u0101v\u0101jam \u0161\u0101dus juridiskos pakalpojumus:<\/strong><\/p>\n<ul>\n<li>juridisk\u0101s konsult\u0101cijas par laul\u012bbas l\u012bgumu, t\u0101 sast\u0101d\u012b\u0161anas nians\u0113m, k\u0101 ar\u012b par t\u0101 juridiskaj\u0101m sek\u0101m n\u0101kotn\u0113;<\/li>\n<li>laul\u012bbas l\u012bguma un dokumentu sagatavo\u0161anu re\u0123istr\u0101cijai;<\/li>\n<li>\u0161\u0137ir\u0161an\u0101s iesnieguma sagatavo\u0161ana;<\/li>\n<li>juridisk\u0101s konsult\u0101cijas par laul\u012bbas \u0161\u0137ir\u0161anu un ar to saist\u012btajiem jaut\u0101jumiem (piem\u0113ram, mantas sadale, aizg\u0101d\u012bbas un saskarsmes ties\u012bbas, u. c.);<\/li>\n<li>juridisk\u0101 pakalpojumi, sagatavojot tiesai pras\u012bbas pieteikumus, p\u0101rst\u0101v\u0113t J\u016bsu ties\u012bbas tiesved\u012bbas proces\u0101 un ar tiesas spriedumu izpildi saist\u012btajos jaut\u0101jumos.<\/li>\n<\/ul>\n<p>Laul\u012bba p\u0113c savas b\u016bt\u012bbas un formas ir l\u012bgums, kura ietvaros tiek apvienotas taj\u0101 st\u0101ju\u0161os personu ekonomisk\u0101s intereses. Nenoliedzami, ka ar\u012b \u0161is l\u012bgums, iest\u0101joties zin\u0101miem apst\u0101k\u013ciem, ir izbeidzams, vai gad\u012bjumos, kad nosl\u0113gts prettiesisk\u0101 k\u0101rt\u0101, atz\u012bstams par neeso\u0161u.<\/p>\n<p>Laul\u0101to mantisk\u0101s attiec\u012bbas regul\u0113 normat\u012bvie akti, tom\u0113r prakse pier\u0101da, ka normat\u012bvo aktu regul\u0113jums ne vienm\u0113r sniedz laul\u0101tajiem pilnu skaidr\u012bbu par to mantiskaj\u0101m attiec\u012bb\u0101m, kas nereti rada str\u012bdus un domstarp\u012bbas, k\u0101 ar\u012b ilgsto\u0161us un d\u0101rgus tiesved\u012bbas procesus. Lai izvair\u012btos no \u0161\u0101diem str\u012bdiem vai tos maksim\u0101li mazin\u0101tu, laul\u0101tajiem ir iesp\u0113jams vienoties par mantiskaj\u0101m attiec\u012bb\u0101m, sl\u0113dzot rakstveida l\u012bgumu.<\/p>\n<p><strong>Laul\u0101to mantisko attiec\u012bbu noregul\u0113jums ar l\u012bgumu<\/strong><\/p>\n<p>Laul\u012bbas l\u012bguma sast\u0101d\u012b\u0161ana ir pa\u0161u laul\u0101to izv\u0113le, un \u0161\u0101da l\u012bguma sast\u0101d\u012b\u0161ana var notikt ne tikai laul\u012bbas laik\u0101, bet ar\u012b pirms laul\u012bbas sl\u0113g\u0161anas. Laul\u012bbas l\u012bguma m\u0113r\u0137is ir regul\u0113t laul\u0101to mantisk\u0101s attiec\u012bbas, proti, ar \u0161\u0101da l\u012bguma pal\u012bdz\u012bbu laul\u0101tie izvair\u0101s ne tikai no n\u0101kotn\u0113 iesp\u0113jamiem str\u012bdiem par mantas sadali, bet vienlaikus ar\u012b nosaka atbild\u012bbas slieksni, piem\u0113ram, ka viens laul\u0101tais neatbild par otra laul\u0101t\u0101 saist\u012bb\u0101m vai tie\u0161i pret\u0113ji &#8211; \u0161\u0101du atbild\u012bbu nedal\u012bti uz\u0146emas.<\/p>\n<p>\u0145emot v\u0113r\u0101, ka laul\u012bbas l\u012bgumi ietekm\u0113 laul\u0101to kreditorus, tam ir publisks raksturs, respekt\u012bvi, tas ir pak\u013cauts uzskaitei speci\u0101l\u0101 re\u0123istr\u0101, ko Latvij\u0101 uztur un ved Uz\u0146\u0113mumu re\u0123istrs.<\/p>\n<p><strong>Laul\u012bbas \u0161\u0137ir\u0161ana vai t\u0101s atz\u012b\u0161ana par sp\u0113k\u0101 neeso\u0161u<\/strong><\/p>\n<p>Laul\u012bbas \u0161\u0137ir\u0161ana ties\u0101 Latvij\u0101 var b\u016bt gan vienk\u0101r\u0161s un \u0101trs process, gan sare\u017e\u0123\u012bts un laikietilp\u012bgs, kas saist\u012bts ar da\u017e\u0101du laul\u0101to str\u012bdu risin\u0101\u0161anu. Tom\u0113r pat \u0161\u0137ietami vienk\u0101r\u0161\u0101 proces\u0101 b\u016btu ieteicams iesaist\u012bt juristu, kur\u0161 pal\u012bdz\u0113s sagatavot nepiecie\u0161amos dokumentus, lai n\u0101kotn\u0113 nerastos str\u012bdi par s\u0101kotn\u0113ji neatrisin\u0101tiem vai neizprastiem jaut\u0101jumiem.<\/p>\n<p>Gad\u012bjumos, kad laul\u0101tie ir pan\u0101ku\u0161i piln\u012bgu vieno\u0161anos par laul\u012bbas \u0161\u0137ir\u0161anu un to saist\u012btajiem jaut\u0101jumiem (piem\u0113ram, mantas sadali, aizg\u0101d\u012bbas un saskarsmes ties\u012bb\u0101m), tad laul\u012bbas \u0161\u0137ir\u0161ana notiek ar zv\u0113rin\u0101ta not\u0101ra starpniec\u012bbu, ta\u010du ar\u012b \u0161\u0101d\u0101 gad\u012bjum\u0101 ir v\u0113lams konsult\u0113ties ar juristu par nepiecie\u0161amo dokumentu un iesniegumu sagatavo\u0161anu.<\/p>\n<p>Gad\u012bjumos, kad laul\u0101tie \u0161\u0101du vieno\u0161anos nevar pan\u0101kt, tad laul\u012bbas \u0161\u0137ir\u0161anas process ir piekrit\u012bgs tiesai. Tiesas kompetenc\u0113 ir ar\u012b laul\u012bbas atz\u012b\u0161ana par sp\u0113k\u0101 neeso\u0161u, kad t\u0101s sl\u0113g\u0161ana ir notikusi prettiesisk\u0101 k\u0101rt\u0101.<\/p>\n","protected":false},"excerpt":{"rendered":"<p>Ja nepiecie\u0161ama laul\u012bbas l\u012bguma sagatavo\u0161ana vai radu\u0161\u0101s nesaska\u0146as starp laul\u0101taj\u0101m pus\u0113m, un nepiecie\u0161ama juridiska iejauk\u0161an\u0101s, izv\u0113lieties profesion\u0101lus juristus, kas sp\u0113s \u0101tri un kvalitat\u012bvi atrisin\u0101t jebkuru situ\u0101ciju un sniegt juridisko pal\u012bdz\u012bbu. &#8230;<\/p>\n","protected":false},"author":1,"featured_media":0,"parent":0,"menu_order":0,"comment_status":"closed","ping_status":"closed","template":"","meta":[],"_links":{"self":[{"href":"https:\/\/tadeo.lv\/index.php\/wp-json\/wp\/v2\/pages\/827"}],"collection":[{"href":"https:\/\/tadeo.lv\/index.php\/wp-json\/wp\/v2\/pages"}],"about":[{"href":"https:\/\/tadeo.lv\/index.php\/wp-json\/wp\/v2\/types\/page"}],"author":[{"embeddable":true,"href":"https:\/\/tadeo.lv\/index.php\/wp-json\/wp\/v2\/users\/1"}],"replies":[{"embeddable":true,"href":"https:\/\/tadeo.lv\/index.php\/wp-json\/wp\/v2\/comments?post=827"}],"version-history":[{"count":9,"href":"https:\/\/tadeo.lv\/index.php\/wp-json\/wp\/v2\/pages\/827\/revisions"}],"predecessor-version":[{"id":1100,"href":"https:\/\/tadeo.lv\/index.php\/wp-json\/wp\/v2\/pages\/827\/revisions\/1100"}],"wp:attachment":[{"href":"https:\/\/tadeo.lv\/index.php\/wp-json\/wp\/v2\/media?parent=827"}],"curies":[{"name":"wp","href":"https:\/\/api.w.org\/{rel}","templated":true}]}}