{"id":816,"date":"2020-09-01T20:07:43","date_gmt":"2020-09-01T17:07:43","guid":{"rendered":"http:\/\/tadeo.lv\/?page_id=816"},"modified":"2020-12-07T18:35:17","modified_gmt":"2020-12-07T16:35:17","slug":"biedribu-nodibinajumu-registracija","status":"publish","type":"page","link":"https:\/\/tadeo.lv\/index.php\/biedribu-nodibinajumu-registracija\/?lang=lv","title":{"rendered":"Biedr\u012bbu, nodibin\u0101jumu re\u0123istr\u0101cija"},"content":{"rendered":"<p>Biedr\u012bbu un nodibin\u0101jumu izveides process var \u0161\u0137ist sare\u017e\u0123\u012bts un laikietilp\u012bgs, tamd\u0113\u013c gudr\u0101kais variants ir uztic\u0113t \u0161o procesu k\u0101dam, kur\u0161 p\u0101rzina attiec\u012bg\u0101s jomas normat\u012bvo regul\u0113jumu, re\u0123istr\u0101cijas k\u0101rt\u012bbu un atbilsto\u0161o dokument\u0101ciju no A l\u012bdz Z. Uztici savu nastu juridiskajam birojam, kur zino\u0161i juristi sniegts ne tikai v\u0113rt\u012bgas juridisk\u0101s konsult\u0101cijas, bet ar\u012b pal\u012bdz\u0113s visa dibin\u0101\u0161anas procesa gait\u0101 ar padomiem, dokumentu sagatavo\u0161anu vai ar\u012b b\u016bs k\u0101 tiesisko intere\u0161u p\u0101rst\u0101vis visa tiesved\u012bbas procesa laik\u0101.<\/p>\n<p><strong>\u00a0<\/strong><\/p>\n<p><strong>TADEO juridiskais birojs pied\u0101v\u0101 \u0161\u0101dus juridiskos pakalpojumus:<\/strong><\/p>\n<p>Juridisko konsult\u0101ciju, kas sniegs Jums atbildes par to, k\u0101du biedr\u012bbu dibin\u0101t, kas \u012bpa\u0161i J\u016bsu gad\u012bjum\u0101 b\u016btu atrun\u0101jams dibin\u0101m\u0101s biedr\u012bbas dokumentos un k\u0101di papildus krit\u0113riji ir j\u0101iev\u0113ro konkr\u0113t\u0101s biedr\u012bbas dibin\u0101\u0161anai.<\/p>\n<p>Juridiskos pakalpojumus, kas ietver:<\/p>\n<ul>\n<li>biedr\u012bbu un nodibin\u0101jumu re\u0123istr\u0101cijas dokumentu sagatavo\u0161anu iesnieg\u0161anai Uz\u0146\u0113mumu re\u0123istr\u0101;<\/li>\n<li>biedr\u012bbu un nodibin\u0101jumu tiesisko intere\u0161u p\u0101rst\u0101v\u012bbu da\u017e\u0101d\u0101s instit\u016bcij\u0101s, pirmtiesas procesa un tiesas procesa laik\u0101;<\/li>\n<li>citus juridiskos risin\u0101jumus.<\/li>\n<li style=\"list-style-type: none;\">\u00a0<\/li>\n<\/ul>\n<p><strong>Biedr\u012bbas un nodibin\u0101jumus var dibin\u0101t da\u017e\u0101d\u0101s jom\u0101s:<\/strong><\/p>\n<ul>\n<li>darba dev\u0113ju organiz\u0101cijas, arodbiedr\u012bbas, profesion\u0101l\u0101s biedr\u012bbas un nodibin\u0101jumi;<\/li>\n<li>kult\u016bra un atp\u016bta;<\/li>\n<li>pla\u0161sazi\u0146as l\u012bdzek\u013ci un komunik\u0101cija;<\/li>\n<li>p\u0113tniec\u012bba un izgl\u012bt\u012bba;<\/li>\n<li>vesel\u012bba;<\/li>\n<li>soci\u0101l\u0101 atbalsta pas\u0101kumi person\u0101m;<\/li>\n<li>vides un dz\u012bvnieku aizsardz\u012bba;<\/li>\n<li>att\u012bst\u012bba un m\u0101jok\u013cu apg\u0101de;<\/li>\n<li>tiesiskums un intere\u0161u aizst\u0101v\u012bba;<\/li>\n<li>filantropijas starpniec\u012bba un br\u012bvpr\u0101t\u012bg\u0101 darba veicin\u0101\u0161ana;<\/li>\n<li>jaunatnes biedr\u012bba vai nodibin\u0101jums;<\/li>\n<li>br\u012bvpr\u0101t\u012bgo ugunsdz\u0113s\u0113ju organiz\u0101cijas;<\/li>\n<li>sporta biedr\u012bbas un nodibin\u0101jumi;<\/li>\n<li>starptautisk\u0101s aktivit\u0101tes.<\/li>\n<\/ul>\n<p style=\"text-align: left;\">J\u016bsu biedr\u012bbas un nodibin\u0101juma dibin\u0101\u0161anas m\u0113r\u0137is var b\u016bt da\u017e\u0101ds. Piem\u0113ram, v\u0113laties nodibin\u0101t dz\u012bvok\u013cu \u012bpa\u0161nieku biedr\u012bbu, lai nodro\u0161in\u0101tu m\u0101jok\u013ca att\u012bst\u012bbu un apsaimnieko\u0161anu, vai sporta biedr\u012bbu ar m\u0113r\u0137i veicin\u0101t noteikta sporta veida att\u012bst\u012bbu\/populariz\u0113\u0161anu, vai biedr\u012bbu ar m\u0113r\u0137i veicin\u0101t personu soci\u0101lo aizsardz\u012bbu.<\/p>\n<p>\u00a0<\/p>\n\n\n<p><\/p>\n","protected":false},"excerpt":{"rendered":"<p>Biedr\u012bbu un nodibin\u0101jumu izveides process var \u0161\u0137ist sare\u017e\u0123\u012bts un laikietilp\u012bgs, tamd\u0113\u013c gudr\u0101kais variants ir uztic\u0113t \u0161o procesu k\u0101dam, kur\u0161 p\u0101rzina attiec\u012bg\u0101s jomas normat\u012bvo regul\u0113jumu, re\u0123istr\u0101cijas k\u0101rt\u012bbu un atbilsto\u0161o dokument\u0101ciju no &#8230;<\/p>\n","protected":false},"author":1,"featured_media":0,"parent":0,"menu_order":0,"comment_status":"closed","ping_status":"closed","template":"","meta":[],"_links":{"self":[{"href":"https:\/\/tadeo.lv\/index.php\/wp-json\/wp\/v2\/pages\/816"}],"collection":[{"href":"https:\/\/tadeo.lv\/index.php\/wp-json\/wp\/v2\/pages"}],"about":[{"href":"https:\/\/tadeo.lv\/index.php\/wp-json\/wp\/v2\/types\/page"}],"author":[{"embeddable":true,"href":"https:\/\/tadeo.lv\/index.php\/wp-json\/wp\/v2\/users\/1"}],"replies":[{"embeddable":true,"href":"https:\/\/tadeo.lv\/index.php\/wp-json\/wp\/v2\/comments?post=816"}],"version-history":[{"count":8,"href":"https:\/\/tadeo.lv\/index.php\/wp-json\/wp\/v2\/pages\/816\/revisions"}],"predecessor-version":[{"id":1164,"href":"https:\/\/tadeo.lv\/index.php\/wp-json\/wp\/v2\/pages\/816\/revisions\/1164"}],"wp:attachment":[{"href":"https:\/\/tadeo.lv\/index.php\/wp-json\/wp\/v2\/media?parent=816"}],"curies":[{"name":"wp","href":"https:\/\/api.w.org\/{rel}","templated":true}]}}