{"id":810,"date":"2020-09-01T20:04:02","date_gmt":"2020-09-01T17:04:02","guid":{"rendered":"http:\/\/tadeo.lv\/?page_id=810"},"modified":"2020-10-13T11:18:44","modified_gmt":"2020-10-13T08:18:44","slug":"bankas-krediti-lizingi","status":"publish","type":"page","link":"https:\/\/tadeo.lv\/index.php\/bankas-krediti-lizingi\/?lang=lv","title":{"rendered":"Bankas kred\u012bti, l\u012bzingi"},"content":{"rendered":"<p style=\"text-align: left;\">Da\u017e\u0101di aizdevumi k\u0101 pat\u0113ri\u0146a kred\u012bts, hipotek\u0101rais kred\u012bts, \u201c\u0101trie kred\u012bti\u201d, l\u012bzings, pre\u010du nomaksa vai studiju kred\u012bts ir lielas sabiedr\u012bbas da\u013cas ikdienas r\u016bpes, kas m\u0113dz rad\u012bt vair\u0101k probl\u0113mu nek\u0101 atvieglojuma, ta\u010du juridisk\u0101 pal\u012bdz\u012bba var b\u016bt k\u0101 vien\u012bgais sapr\u0101t\u012bgais gl\u0101bi\u0146\u0161 c\u012b\u0146\u0101 pret aizdev\u0113ju.<\/p>\n<p>\u00a0<\/p>\n<p><strong>Lai izvair\u012btos no iepriek\u0161min\u0113taj\u0101m situ\u0101cij\u0101m, m\u0113s, TADEO, pied\u0101v\u0101jam \u0161\u0101dus juridiskos pakalpojumus:<\/strong><\/p>\n<ul>\n<li>juridisk\u0101s konsult\u0101cijas pirms aizdevuma l\u012bguma parakst\u012b\u0161anas;<\/li>\n<li>aizdevuma l\u012bguma kori\u0123\u0113\u0161anu;<\/li>\n<li>intere\u0161u p\u0101rst\u0101v\u012bbu komunik\u0101cij\u0101 ar kreditoru (banka, \u0101tro kred\u012btu pakalpojumu sniedz\u0113ji, uz\u0146\u0113mumi);<\/li>\n<li>intere\u0161u p\u0101rst\u0101v\u012bbu komunik\u0101cij\u0101 ar par\u0101du piedzi\u0146as pakalpojumu sniedz\u0113jiem (Inkaso, GelvoraSergel, u. c.);<\/li>\n<li>tiesisko intere\u0161u p\u0101rst\u0101v\u012bbu komunik\u0101cij\u0101 ar zv\u0113rin\u0101tu tiesu izpild\u012bt\u0101ju;<\/li>\n<li>sarunu proced\u016bru nodro\u0161in\u0101\u0161anu ar aizdevuma sniedz\u0113ju;<\/li>\n<li>saist\u012bbu izpildes grafika sast\u0101d\u012b\u0161anu iesnieg\u0161anai aizdevuma sniedz\u0113jam;<\/li>\n<li>p\u0101rst\u0101v\u012bbu par\u0101da restrukturiz\u0113\u0161anas gad\u012bjumos;<\/li>\n<li>intere\u0161u p\u0101rst\u0101v\u012bbu tiesas proces\u0101.<\/li>\n<\/ul>\n<p>\u00a0<\/p>\n<p><strong>Gad\u012bjum\u0101, ja ir iest\u0101ju\u0161ies apst\u0101k\u013ci, kuru d\u0113\u013c nevarat segt savas saist\u012bbas, past\u0101v risks, ka:<\/strong><\/p>\n<ul>\n<li>J\u016bsu par\u0101dam var apr\u0113\u0137in\u0101t nokav\u0113juma procentus vai l\u012bgumsodu, kas par\u0101du palielin\u0101s, t\u0101d\u0113j\u0101di paildzinot par\u0101da atdo\u0161anas termi\u0146u.<\/li>\n<li>Inform\u0101cija par to, ka nesp\u0113jat veikt savas par\u0101dsaist\u012bbas, tiek nodotas par\u0101du atg\u016b\u0161anas pakalpojumu sniedz\u0113jiem, Kred\u012btu re\u0123istram vai Kred\u012btinform\u0101cijas Birojam, kas b\u016btiski ietekm\u0113s J\u016bsu sp\u0113ju n\u0101kotn\u0113 sa\u0146emt aizdevumu.<\/li>\n<li>Par\u0101du atg\u016b\u0161anas pakalpojuma sniedz\u0113ja izdevumi, k\u0101 ar\u012b tiesas izdevumi, ja pret Jums tiks sniegta pras\u012bba ties\u0101, b\u016bs j\u0101sedz Jums.<\/li>\n<\/ul>\n<p>\u00a0<\/p>\n<p><strong>K\u0101p\u0113c nepiecie\u0161ams juridiskais atbalsts aizdevuma liet\u0101s?<\/strong><\/p>\n<p>Pirms aizdevuma \u0146em\u0161anas ir svar\u012bgi saprast, k\u0101di ir aizdevuma noteikumi, proti, k\u0101das ir procentu likmes, GPL (gada procentu likme), soda sankcijas par kav\u0113tu maks\u0101jumu un citas nianses. Jurists, iepaz\u012bstoties ar aizdevuma l\u012bgumu, sp\u0113j nor\u0101d\u012bt uz t\u0101m liet\u0101m, ko b\u016btu nepiecie\u0161ams \u0146emt v\u0113r\u0101 pirms aizdevuma l\u012bguma sl\u0113g\u0161anas, p\u0113c nepiecie\u0161am\u012bbas pied\u0101v\u0101jot veikt korekcijas un to saska\u0146o\u0161anu ar aizdevuma dev\u0113ju.<\/p>\n<p>Jums noteikti ir nepiecie\u0161ama juridisk\u0101 konsult\u0101cija vai pat juridisk\u0101 p\u0101rst\u0101v\u012bba ties\u0101, gad\u012bjum\u0101, kad saist\u012bbas nav iesp\u0113jams izpild\u012bt savlaic\u012bgi vai iest\u0101ju\u0161ies apst\u0101k\u013ci, kas b\u016btiski ietekm\u0113 par\u0101da atmaksu. Efekt\u012bva komunik\u0101cija ar aizdev\u0113ju pal\u012bdz izvair\u012bties no aizdevuma summas pieauguma, k\u0101 ar\u012b no iesp\u0113jam\u0101 mantas zaud\u0113juma vai pat maks\u0101tnesp\u0113jas procesa uzs\u0101k\u0161anas.<\/p>\n\n\n<p><\/p>\n","protected":false},"excerpt":{"rendered":"<p>Da\u017e\u0101di aizdevumi k\u0101 pat\u0113ri\u0146a kred\u012bts, hipotek\u0101rais kred\u012bts, \u201c\u0101trie kred\u012bti\u201d, l\u012bzings, pre\u010du nomaksa vai studiju kred\u012bts ir lielas sabiedr\u012bbas da\u013cas ikdienas r\u016bpes, kas m\u0113dz rad\u012bt vair\u0101k probl\u0113mu nek\u0101 atvieglojuma, ta\u010du juridisk\u0101 &#8230;<\/p>\n","protected":false},"author":1,"featured_media":0,"parent":0,"menu_order":0,"comment_status":"closed","ping_status":"closed","template":"","meta":[],"_links":{"self":[{"href":"https:\/\/tadeo.lv\/index.php\/wp-json\/wp\/v2\/pages\/810"}],"collection":[{"href":"https:\/\/tadeo.lv\/index.php\/wp-json\/wp\/v2\/pages"}],"about":[{"href":"https:\/\/tadeo.lv\/index.php\/wp-json\/wp\/v2\/types\/page"}],"author":[{"embeddable":true,"href":"https:\/\/tadeo.lv\/index.php\/wp-json\/wp\/v2\/users\/1"}],"replies":[{"embeddable":true,"href":"https:\/\/tadeo.lv\/index.php\/wp-json\/wp\/v2\/comments?post=810"}],"version-history":[{"count":8,"href":"https:\/\/tadeo.lv\/index.php\/wp-json\/wp\/v2\/pages\/810\/revisions"}],"predecessor-version":[{"id":1090,"href":"https:\/\/tadeo.lv\/index.php\/wp-json\/wp\/v2\/pages\/810\/revisions\/1090"}],"wp:attachment":[{"href":"https:\/\/tadeo.lv\/index.php\/wp-json\/wp\/v2\/media?parent=810"}],"curies":[{"name":"wp","href":"https:\/\/api.w.org\/{rel}","templated":true}]}}