{"id":711,"date":"2020-08-27T18:11:55","date_gmt":"2020-08-27T15:11:55","guid":{"rendered":"http:\/\/tadeo.lv\/?page_id=711"},"modified":"2021-09-06T17:19:56","modified_gmt":"2021-09-06T14:19:56","slug":"vid-nodokli-juridiskam-personam","status":"publish","type":"page","link":"https:\/\/tadeo.lv\/index.php\/vid-nodokli-juridiskam-personam\/?lang=lv","title":{"rendered":"VID nodok\u013ci"},"content":{"rendered":"<p>Sazi\u0146\u0101 ar valsts p\u0101rvaldes iest\u0101d\u0113m liela noz\u012bme ir dokumentu p\u0113ctec\u012bbai un apstr\u012bdamo jaut\u0101jumu pamatot\u012bbai. Labs jurists izskat\u012bs administrat\u012bv\u0101 akta tiesiskumu un iesniegs attiec\u012bgas s\u016bdz\u012bbas ar konkr\u0113tiem pier\u0101d\u012bjumiem. Jurists b\u016bs gan uzticams padomdev\u0113js, gan tiesisko intere\u0161u aizst\u0101vis jebkur\u0101 tiesisk\u0101 situ\u0101cij\u0101 un instit\u016bcij\u0101.<\/p>\n<p><strong>M\u0113s, TADEO, pied\u0101v\u0101jam uz\u0146\u0113mumiem \u0161\u0101dus juridiskos pakalpojumus:<\/strong><\/p>\n<ul>\n<li>juridisku konsult\u0101ciju jaut\u0101jumos, kas saist\u012bti ar nodok\u013cu administr\u0101cijas pie\u0146emto l\u0113mumu apstr\u012bd\u0113\u0161anu;<\/li>\n<li>uzzi\u0146u piepras\u012bjumu sagatavo\u0161anu, to iesnieg\u0161anai VID;<\/li>\n<li>iesniegumu un s\u016bdz\u012bbu sagatavo\u0161anu to iesnieg\u0161anai VID amatperson\u0101m, tai skait\u0101 VID \u0123ener\u0101ldirektoram;<\/li>\n<li>s\u016bdz\u012bbu, tai skait\u0101 apel\u0101cijas un kas\u0101cijas s\u016bdz\u012bbu, sagatavo\u0161anu to iesnieg\u0161anai ties\u0101 administrat\u012bv\u0101 procesa ietvaros.<\/li>\n<\/ul>\n<p><strong>K\u0101p\u0113c ir nepiecie\u0161ams juridiskais atbalsts sazi\u0146ai ar VID?<\/strong><\/p>\n<p>Pamat\u0101 sazi\u0146u ar VID veido uz\u0146\u0113muma gr\u0101matve\u017ei, kas savas profesijas ietvaros piev\u0113r\u0161 maz\u0101ku uzman\u012bbu sazi\u0146ai no juridisk\u0101 aspekta. Jurists uz\u0146\u0113muma interes\u0113s sagatavos uz normat\u012bviem aktiem pamatotu s\u016bdz\u012bbu gad\u012bjumos, kad sazi\u0146a uz\u0146\u0113muma un VID starp\u0101 b\u016bs non\u0101kusi l\u012bdz uz\u0146\u0113mumam nelabv\u0113l\u012bgiem VID l\u0113mumiem, kurus uz\u0146\u0113mums v\u0113l\u0113sies apstr\u012bd\u0113t.<\/p>\n<p>Jurists izv\u0113rt\u0113s nelabv\u0113l\u012bg\u0101 administrat\u012bv\u0101 akta tiesiskumu un sagatavos attiec\u012bgas s\u016bdz\u012bbas iest\u0101des ietvaros. Svar\u012bgi, ka min\u0113taj\u0101m s\u016bdz\u012bb\u0101m ir zin\u0101ma p\u0113ctec\u012bba, t\u0101d\u0113j\u0101di, sagatavojot s\u0101kotn\u0113jo s\u016bdz\u012bbu, j\u0101\u0146em v\u0113r\u0101, ka attiec\u012bg\u0101 s\u016bdz\u012bba n\u0101kotn\u0113 b\u016bs j\u0101virza uz tiesu, t\u0101p\u0113c savlaic\u012bga jurista piesaist\u012b\u0161ana nerad\u012bs nevajadz\u012bgas k\u013c\u016bdas uzs\u0101ktaj\u0101 p\u0101rs\u016bdz\u012bbas proces\u0101. Izv\u0113lieties TADEO juridisk\u0101 biroja pakalpojumus, lai atrisin\u0101tu visus ar VID nodok\u013ciem saist\u012btos jaut\u0101jumus.<\/p>","protected":false},"excerpt":{"rendered":"<p>Sazi\u0146\u0101 ar valsts p\u0101rvaldes iest\u0101d\u0113m liela noz\u012bme ir dokumentu p\u0113ctec\u012bbai un apstr\u012bdamo jaut\u0101jumu pamatot\u012bbai. Labs jurists izskat\u012bs administrat\u012bv\u0101 akta tiesiskumu un iesniegs attiec\u012bgas s\u016bdz\u012bbas ar konkr\u0113tiem pier\u0101d\u012bjumiem. Jurists b\u016bs gan &#8230;<\/p>\n","protected":false},"author":1,"featured_media":0,"parent":0,"menu_order":0,"comment_status":"closed","ping_status":"closed","template":"","meta":[],"_links":{"self":[{"href":"https:\/\/tadeo.lv\/index.php\/wp-json\/wp\/v2\/pages\/711"}],"collection":[{"href":"https:\/\/tadeo.lv\/index.php\/wp-json\/wp\/v2\/pages"}],"about":[{"href":"https:\/\/tadeo.lv\/index.php\/wp-json\/wp\/v2\/types\/page"}],"author":[{"embeddable":true,"href":"https:\/\/tadeo.lv\/index.php\/wp-json\/wp\/v2\/users\/1"}],"replies":[{"embeddable":true,"href":"https:\/\/tadeo.lv\/index.php\/wp-json\/wp\/v2\/comments?post=711"}],"version-history":[{"count":11,"href":"https:\/\/tadeo.lv\/index.php\/wp-json\/wp\/v2\/pages\/711\/revisions"}],"predecessor-version":[{"id":1380,"href":"https:\/\/tadeo.lv\/index.php\/wp-json\/wp\/v2\/pages\/711\/revisions\/1380"}],"wp:attachment":[{"href":"https:\/\/tadeo.lv\/index.php\/wp-json\/wp\/v2\/media?parent=711"}],"curies":[{"name":"wp","href":"https:\/\/api.w.org\/{rel}","templated":true}]}}