{"id":709,"date":"2020-08-27T18:11:18","date_gmt":"2020-08-27T15:11:18","guid":{"rendered":"http:\/\/tadeo.lv\/?page_id=709"},"modified":"2020-11-25T11:37:22","modified_gmt":"2020-11-25T09:37:22","slug":"uznemumu-registracija-reorganizacija-likvidacija","status":"publish","type":"page","link":"https:\/\/tadeo.lv\/index.php\/uznemumu-registracija-reorganizacija-likvidacija\/?lang=lv","title":{"rendered":"Uz\u0146\u0113mumu re\u0123istr\u0101cija, reorganiz\u0101cija, likvid\u0101cija"},"content":{"rendered":"<p>Jauna uz\u0146\u0113muma vai eso\u0161a uz\u0146\u0113muma reorganiz\u0101cijas procesa gaita var likties viegli saprotama, ta\u010du, kad pien\u0101k dokumentu aizpild\u012b\u0161anas vai sagatavo\u0161anas br\u012bdis, viss p\u0113k\u0161\u0146i main\u0101s, un \u0161ie re\u0123istr\u0101cijas dokumenti \u0161\u0137iet k\u0101 vis\u013caun\u0101kais murgs. Mieru, tikai mieru! M\u016bsu juristi pal\u012bdz\u0113s ar jebkura veida juridisko dokumentu sagatavo\u0161anu, lai re\u0123istr\u0113tu uz\u0146\u0113m\u0113jdarb\u012bbu vai veiktu taj\u0101 izmai\u0146as.<\/p>\n<p><strong>Jaunu uz\u0146\u0113mumu re\u0123istr\u0113\u0161anas juridiskie pakalpojumi:<\/strong><\/p>\n<p>Ja v\u0113laties dibin\u0101t SIA (sabiedr\u012bba ar ierobe\u017eotu atbild\u012bbu), mazkapit\u0101la SIA, AS (akciju sabiedr\u012bba), Zvejnieku un zemnieku saimniec\u012bbas, IK (individu\u0101lais komersants), PS (pilnsabiedr\u012bbas) un citu uz\u0146\u0113mumu vai komersantu, tai skait\u0101 organiz\u0101ciju, k\u0101 biedr\u012bbu un nodibin\u0101jumu.<\/p>\n<ul>\n<li>Juridisk\u0101s konsult\u0101cijas pirms uz\u0146\u0113m\u0113jdarb\u012bbas re\u0123istr\u0113\u0161anas, kas sev\u012b ietver konsult\u0113\u0161anu par saimniecisk\u0101s darb\u012bbas veik\u0161anai atbilsto\u0161a tiesisk\u0101s formas izv\u0113li.<\/li>\n<li>Sabiedr\u012bbu re\u0123istr\u0101cijas dokumentu sagatavo\u0161ana iesnieg\u0161anai UR.<\/li>\n<li>Mazkapit\u0101la SIA re\u0123istr\u0101cijas dokumentu sagatavo\u0161ana iesnieg\u0161anai UR.<\/li>\n<li>Biedr\u012bbu un nodibin\u0101jumu, apvien\u012bbu, organiz\u0101ciju re\u0123istr\u0101cijas dokumentu sagatavo\u0161ana iesnieg\u0161anai UR.<\/li>\n<li>Dibin\u0101\u0161anas procesa laik\u0101 sagatavot dokumentus pievienot\u0101s v\u0113rt\u012bbas nodok\u013ca (PVN) maks\u0101t\u0101ja statusa ieg\u016b\u0161anai.<\/li>\n<\/ul>\n<p><strong>Eso\u0161a uz\u0146\u0113muma reorganiz\u0101cijas (piem. nodal\u012b\u0161ana, p\u0101rveido\u0161ana, sapl\u016b\u0161ana, sa\u0161\u0137el\u0161ana) procesa realiz\u0101cijai m\u0113s varam pied\u0101v\u0101t \u0161\u0101dus juridiskos pakalpojumus:<\/strong><\/p>\n<ul>\n<li>juridisk\u0101s konsult\u0101cijas pirms uz\u0146\u0113muma reorganiz\u0101cijas procesa;<\/li>\n<li>reorganiz\u0101cijas l\u012bguma sagatavo\u0161ana iesnieg\u0161anai;<\/li>\n<li>iesniegumu, piepras\u012bjumu un citu, ar reorganiz\u0101cijas procesu saist\u012bto dokumentu sagatavo\u0161ana;<\/li>\n<li>intere\u0161u p\u0101rst\u0101v\u012bba reorganiz\u0101cijas procesa laik\u0101.<\/li>\n<\/ul>\n<p><strong>Uz\u0146\u0113muma likvid\u0113\u0161ana:<\/strong><\/p>\n<ul>\n<li>juridisko konsult\u0101ciju pirms uz\u0146\u0113muma likvid\u0113\u0161anas procesa;<\/li>\n<li>UR nepiecie\u0161amo dokumentu sagatavo\u0161ana, lai veiksm\u012bgi veiktu uz\u0146\u0113mu likvid\u0113\u0161anas procesu.<\/li>\n<\/ul>\n<p><strong>\u00a0<\/strong><\/p>\n<p><strong>K\u0101p\u0113c ir nepiecie\u0161amais juridiskais atbalsts uz\u0146\u0113muma re\u0123istr\u0113\u0161anas, reorganiz\u0101cijas vai likvid\u0113\u0161anas procesa laik\u0101?<\/strong><strong>\u00a0<\/strong><\/p>\n<p>Jurists uz\u0146\u0113muma dibin\u0101\u0161anas proces\u0101 ne tikai pal\u012bdz\u0113s sagatavot re\u0123istr\u0101cijai nepiecie\u0161amos dokumentus, bet ar\u012b sniegs konsult\u0101cijas, kas noder\u0113s gan piem\u0113rot\u0101k\u0101s saimniec\u012bbas formas izv\u0113lei, piem\u0113ram, izv\u0113l\u0113 starp individu\u0101lo komersantu vai mazkapit\u0101la SIA, bet ar\u012b pal\u012bdzes Jums realiz\u0113t n\u0101kotnes biznesa m\u0113r\u0137us, pied\u0101v\u0101jot inovat\u012bv\u0101kos risin\u0101jumus.<\/p>\n<p>Reorganiz\u0101cijas process m\u0113dz b\u016bt sare\u017e\u0123\u012bts un \u013coti laikietilp\u012bgs, t\u0101p\u0113c, lai \u0161o procesu padar\u012btu maz\u0101k sare\u017e\u0123\u012btu, juridiskais atbalsts pal\u012bdz\u0113s Jums gan ar nepiecie\u0161amo dokumentu sagatavo\u0161anu, k\u0101 ar\u012b visa procesa laik\u0101 sniegs Jums rekomend\u0101cijas un ieteikumus J\u016bsu interes\u0113m atbilsto\u0161\u0101ka risin\u0101juma izveid\u0113 un realiz\u0101cij\u0101.<\/p>\n<p>Uz\u0146\u0113muma likvid\u0113\u0161ana notiek gad\u012bjumos, kad uz\u0146\u0113mums ir zaud\u0113jis savu nepiecie\u0161am\u012bbu un t\u0101 dibin\u0101t\u0101ji\/dal\u012bbnieki nev\u0113las sev piedero\u0161o uz\u0146\u0113mu atsavin\u0101t vai attiec\u012bg\u0101 atsavin\u0101\u0161ana nav iesp\u0113jama. Uz\u0146\u0113muma darb\u012bbas p\u0101rtrauk\u0161anai jurists sniegs konsult\u0101ciju par uz\u0146\u0113muma likvid\u0113\u0161anas iesp\u0113j\u0101m, procesu, k\u0101 ar\u012b pal\u012bdz\u0113s sagatavot ar uz\u0146\u0113muma likvid\u0113\u0161anu saist\u012btos dokumentus.<\/p>\n","protected":false},"excerpt":{"rendered":"<p>Jauna uz\u0146\u0113muma vai eso\u0161a uz\u0146\u0113muma reorganiz\u0101cijas procesa gaita var likties viegli saprotama, ta\u010du, kad pien\u0101k dokumentu aizpild\u012b\u0161anas vai sagatavo\u0161anas br\u012bdis, viss p\u0113k\u0161\u0146i main\u0101s, un \u0161ie re\u0123istr\u0101cijas dokumenti \u0161\u0137iet k\u0101 vis\u013caun\u0101kais &#8230;<\/p>\n","protected":false},"author":1,"featured_media":0,"parent":0,"menu_order":0,"comment_status":"closed","ping_status":"closed","template":"","meta":[],"_links":{"self":[{"href":"https:\/\/tadeo.lv\/index.php\/wp-json\/wp\/v2\/pages\/709"}],"collection":[{"href":"https:\/\/tadeo.lv\/index.php\/wp-json\/wp\/v2\/pages"}],"about":[{"href":"https:\/\/tadeo.lv\/index.php\/wp-json\/wp\/v2\/types\/page"}],"author":[{"embeddable":true,"href":"https:\/\/tadeo.lv\/index.php\/wp-json\/wp\/v2\/users\/1"}],"replies":[{"embeddable":true,"href":"https:\/\/tadeo.lv\/index.php\/wp-json\/wp\/v2\/comments?post=709"}],"version-history":[{"count":5,"href":"https:\/\/tadeo.lv\/index.php\/wp-json\/wp\/v2\/pages\/709\/revisions"}],"predecessor-version":[{"id":1094,"href":"https:\/\/tadeo.lv\/index.php\/wp-json\/wp\/v2\/pages\/709\/revisions\/1094"}],"wp:attachment":[{"href":"https:\/\/tadeo.lv\/index.php\/wp-json\/wp\/v2\/media?parent=709"}],"curies":[{"name":"wp","href":"https:\/\/api.w.org\/{rel}","templated":true}]}}