{"id":707,"date":"2020-08-27T18:10:16","date_gmt":"2020-08-27T15:10:16","guid":{"rendered":"http:\/\/tadeo.lv\/?page_id=707"},"modified":"2020-12-15T10:31:34","modified_gmt":"2020-12-15T08:31:34","slug":"tiesisko-interesu-parstaviba-tiesibu-sargajosas-un-valsts-iestade","status":"publish","type":"page","link":"https:\/\/tadeo.lv\/index.php\/tiesisko-interesu-parstaviba-tiesibu-sargajosas-un-valsts-iestade\/?lang=lv","title":{"rendered":"Tiesisko intere\u0161u p\u0101rst\u0101v\u012bba ties\u012bbu sarg\u0101jo\u0161\u0101s un valsts iest\u0101d\u0113s fizisk\u0101m person\u0101m"},"content":{"rendered":"\n\n\n<p>Nepiecie\u0161ama pal\u012bdz\u012bba un tiesisk\u0101 aizst\u0101v\u012bba ties\u012bbu sarg\u0101jo\u0161o un valsts iest\u0101\u017eu priek\u0161\u0101? TADEO juridiskais birojs var b\u016bt J\u016bsu padomdev\u0113js, inform\u0101cijas avots, da\u017e\u0101du dokumentu un iesniegumu sagatavot\u0101js un tiesisko intere\u0161u p\u0101rst\u0101vis tiesved\u012bbas un administrat\u012bvo p\u0101rk\u0101pumu procesos.<\/p>\n\n\n\n<p><strong>M\u0113s nodro\u0161in\u0101m \u0161\u0101dus juridiskos pakalpojumus:<\/strong><\/p>\n\n\n\n<ul><li>Inform\u0101cijas ieg\u016b\u0161anu no:\n<ul><li>Zemesgr\u0101matas;<\/li><li>Valsts zemes dienesta;<\/li><li>Pilson\u012bbas un migr\u0101ciju lietu p\u0101rvaldes.<\/li><\/ul>\n<\/li><li>Iesniegumu sagatavo\u0161anu iesnieg\u0161anai attiec\u012bgaj\u0101 instit\u016bcij\u0101;<\/li><li>Piepras\u012bjumu sagatavo\u0161anu iesnieg\u0161anai attiec\u012bgaj\u0101 instit\u016bcij\u0101;<\/li><li>Paskaidrojumu sagatavo\u0161anu iesnieg\u0161anai attiec\u012bgaj\u0101 instit\u016bcij\u0101;<\/li><li>Intere\u0161u p\u0101rst\u0101v\u012bbu \u2013 sarunu vad\u012b\u0161anu, komunik\u0101cijas nodro\u0161in\u0101\u0161anu ar instit\u016bciju;<\/li><li>Pie\u0146emto l\u0113mumu p\u0101rs\u016bdz\u0113\u0161anu iest\u0101des ietvaros, s\u016bdz\u012bbas iesnieg\u0161anu ties\u0101.<\/li><li>Administrat\u012bvo p\u0101rk\u0101pumu apstr\u012bd\u0113\u0161anu.<\/li><\/ul>\n\n\n\n<p><strong>Valsts iest\u0101des, kur\u0101s varam p\u0101rst\u0101v\u0113t J\u016bsu intereses:<\/strong><\/p>\n\n\n\n<ul><li>Valsts policija (VP);<\/li><li>Pa\u0161vald\u012bbas policija;<\/li><li>Valsts ie\u0146\u0113mumu dienests (VID);<\/li><li>Uz\u0146\u0113mumu re\u0123istrs (UR);<\/li><li>B\u016bvniec\u012bbas valsts kontroles birojs (BVKB);<\/li><li>Pat\u0113r\u0113t\u0101ju ties\u012bbu aizsardz\u012bbas centrs (PTAC);<\/li><li>Valsts me\u017ea dienests (VMD);<\/li><li>Valsts darba inspekcija (VDI);<\/li><li>Uzturl\u012bdzek\u013cu garantiju fonda administr\u0101cija;<\/li><li>Valsts vides dienests (VVD);<\/li><li>Valsts zemes dienests.<\/li><\/ul>\n\n\n\n<p><strong>K\u0101p\u0113c ir nepiecie\u0161ams juridiskais atbalsts sazi\u0146ai ar valsts iest\u0101d\u0113m?<\/strong><\/p>\n\n\n\n<p>Viens no juridisk\u0101 biroja pakalpojumiem ir inform\u0101cijas izsnieg\u0161ana. Inform\u0101cijas piepras\u012b\u0161ana var b\u016bt nepiecie\u0161ama, lai ieg\u016btu pier\u0101d\u012bjumus, kas b\u016bs nepiecie\u0161ami t\u0101l\u0101kai komunik\u0101cijai ar J\u016bsu dar\u012bjuma partneriem vai potenci\u0101lajiem sadarb\u012bbas partneriem, to iesnieg\u0161anai valsts un pa\u0161vald\u012bbu iest\u0101d\u0113s, ties\u012bbu sarg\u0101jo\u0161\u0101s iest\u0101d\u0113s un ties\u0101s. Inform\u0101cijas piepras\u012bjums juristam nereti ir saist\u0101ms ar adres\u0101ta v\u0113lmi noskaidrot un\/vai preciz\u0113t k\u0101du tam interes\u0113jo\u0161o jaut\u0101jumu, kas attiec\u012bgi rad\u012bs skaidr\u012bbu turpm\u0101kai r\u012bc\u012bbai k\u0101d\u0101 noteikt\u0101 jaut\u0101jum\u0101.<\/p>\n\n\n\n<p>Juridiski korekti izveidoti iesniegumi, piepras\u012bjumi un paskaidrojumi atvieglo ne tikai sazi\u0146u ar iest\u0101di, bet ar\u012b sniedz iesp\u0113ju efekt\u012bv\u0101k sasniegt v\u0113lamo rezult\u0101tu&nbsp; gan ties\u012bbu aizsardz\u012bbas jom\u0101, gan vis\u0101 tiesved\u012bbas proces\u0101.<\/p>\n","protected":false},"excerpt":{"rendered":"<p>Nepiecie\u0161ama pal\u012bdz\u012bba un tiesisk\u0101 aizst\u0101v\u012bba ties\u012bbu sarg\u0101jo\u0161o un valsts iest\u0101\u017eu priek\u0161\u0101? TADEO juridiskais birojs var b\u016bt J\u016bsu padomdev\u0113js, inform\u0101cijas avots, da\u017e\u0101du dokumentu un iesniegumu sagatavot\u0101js un tiesisko intere\u0161u p\u0101rst\u0101vis tiesved\u012bbas &#8230;<\/p>\n","protected":false},"author":1,"featured_media":0,"parent":0,"menu_order":0,"comment_status":"closed","ping_status":"closed","template":"","meta":[],"_links":{"self":[{"href":"https:\/\/tadeo.lv\/index.php\/wp-json\/wp\/v2\/pages\/707"}],"collection":[{"href":"https:\/\/tadeo.lv\/index.php\/wp-json\/wp\/v2\/pages"}],"about":[{"href":"https:\/\/tadeo.lv\/index.php\/wp-json\/wp\/v2\/types\/page"}],"author":[{"embeddable":true,"href":"https:\/\/tadeo.lv\/index.php\/wp-json\/wp\/v2\/users\/1"}],"replies":[{"embeddable":true,"href":"https:\/\/tadeo.lv\/index.php\/wp-json\/wp\/v2\/comments?post=707"}],"version-history":[{"count":12,"href":"https:\/\/tadeo.lv\/index.php\/wp-json\/wp\/v2\/pages\/707\/revisions"}],"predecessor-version":[{"id":1249,"href":"https:\/\/tadeo.lv\/index.php\/wp-json\/wp\/v2\/pages\/707\/revisions\/1249"}],"wp:attachment":[{"href":"https:\/\/tadeo.lv\/index.php\/wp-json\/wp\/v2\/media?parent=707"}],"curies":[{"name":"wp","href":"https:\/\/api.w.org\/{rel}","templated":true}]}}