{"id":705,"date":"2020-08-27T18:08:44","date_gmt":"2020-08-27T15:08:44","guid":{"rendered":"http:\/\/tadeo.lv\/?page_id=705"},"modified":"2020-10-13T11:42:25","modified_gmt":"2020-10-13T08:42:25","slug":"publisko-iepirkumu-apstridesana","status":"publish","type":"page","link":"https:\/\/tadeo.lv\/index.php\/publisko-iepirkumu-apstridesana\/?lang=lv","title":{"rendered":"Publisko iepirkumu apstr\u012bd\u0113\u0161ana"},"content":{"rendered":"<p>TADEO juridiskais birojs var pied\u0101v\u0101t juridiskus padomus, risin\u0101jumus, juridisko dokumentu sagatavo\u0161anu, k\u0101 ar\u012b tiesisko intere\u0161u p\u0101rst\u0101v\u012bbu da\u017e\u0101d\u0101s iest\u0101d\u0113s. Publisko iepirkumu apstr\u012bd\u0113\u0161anas proces\u0101 ir j\u0101iziet vair\u0101ki sec\u012bgi so\u013ci ar da\u017e\u0101du iesniegumu un dokumentu proced\u016bru, kuru vispareiz\u0101k uztic\u0113t profesion\u0101lam juristam.<\/p>\n<p><strong>\u00a0<\/strong><\/p>\n<p><strong>M\u016bsu juristi var Jums pal\u012bdz\u0113t publisko iepirkumu apstr\u012bd\u0113\u0161anas proces\u0101 ar \u0161\u0101diem juridiskajiem pakalpojumiem:<\/strong><\/p>\n<ul>\n<li>juridisko konsult\u0101ciju publisk\u0101 iepirkuma laik\u0101;<\/li>\n<li>v\u0113stu\u013cu, iesniegumu, paskaidrojumu sagatavo\u0161anu iepirkumu proced\u016bras r\u012bkot\u0101jiem;<\/li>\n<li>publisko iepirkumu apstr\u012bd\u0113\u0161anas iesnieguma sagatavo\u0161anu iesnieg\u0161anai Iepirkumu uzraudz\u012bbas birojam (IUB);<\/li>\n<li>pieteikuma, par notiku\u0161o iepirkumu apstr\u012bd\u0113\u0161anu, sagatavo\u0161anu iesnieg\u0161anai ties\u0101;<\/li>\n<li>tiesisko intere\u0161u p\u0101rst\u0101v\u012bbu ties\u0101 administrat\u012bv\u0101 procesa ietvaros.<\/li>\n<\/ul>\n<p>Publiskos iepirkumus jeb konkursus citu starp\u0101 regul\u0113 Publisko iepirkumu likums, kura m\u0113r\u0137is ir nodro\u0161in\u0101t iepirkumu atkl\u0101tumu, pieg\u0101d\u0101t\u0101ju br\u012bvu konkurenci, k\u0101 ar\u012b vienl\u012bdz\u012bgu un taisn\u012bgu attieksmi pret pieg\u0101d\u0101t\u0101jiem, k\u0101 ar\u012b pas\u016bt\u012bt\u0101ja l\u012bdzek\u013cu efekt\u012bvu izmanto\u0161anu maksim\u0101li samazinot riskus.<\/p>\n<p>Nereti uz\u0146\u0113mumi, piedaloties iepirkumos, saskaras ar da\u017e\u0101d\u0101m probl\u0113m\u0101m, piem\u0113ram, \u2013 neskaidri nolikum\u0101 noteikti nosac\u012bjumi, iepirkuma dokument\u0101cij\u0101 iek\u013caut\u0101s pras\u012bbas, kas ierobe\u017eo uz\u0146\u0113muma ties\u012bbas, vai ir konstat\u0113jami citi administrat\u012bvie p\u0101rk\u0101pumi. T\u0101d\u0113j\u0101di past\u0101v iesp\u0113ja jau iepirkuma procesa laik\u0101 izteikt iebildumus un l\u016bgt paskaidrojumus par nolikum\u0101 pievienotajiem dokumentiem, k\u0101 ar\u012b apstr\u012bd\u0113t pa\u0161u iepirkuma proced\u016bru.<\/p>\n<p>Lai var\u0113tu apstr\u012bd\u0113t Publisko iepirkumu, uz\u0146\u0113m\u0113jam ir j\u0101v\u0113r\u0161as ar iesniegumu Iepirkumu uzraudz\u012bbas biroj\u0101 (IUB), kas veic publisk\u0101 iepirkuma p\u0101rskat\u012b\u0161anas proced\u016bru, lai nodro\u0161in\u0101tu iepirkuma r\u012bkot\u0101ju pie\u0146emto l\u0113mumu tiesiskuma p\u0113cp\u0101rbaudi. T\u0101pat past\u0101v iesp\u0113ja veikt iepirkuma proced\u016bras p\u0101rs\u016bdz\u012bbu administrat\u012bv\u0101 procesa k\u0101rt\u012bb\u0101.<\/p>\n<p><strong>\u00a0<\/strong><\/p>\n<p><strong>K\u0101p\u0113c nepiecie\u0161ams juridiskais atbalsts publisko iepirkumu proced\u016bras laik\u0101?<\/strong><\/p>\n<p>Lai veicin\u0101tu god\u012bgu iepirkuma proced\u016bras norisi, jau iepirkuma proced\u016bras laik\u0101 juridisk\u0101s konsult\u0101cijas pal\u012bdz saprast uz\u0146\u0113muma iesp\u0113jas, savuk\u0101rt juridisk\u0101s pal\u012bdz\u012bbas ietvaros var tikt sagatavotas v\u0113stules un paskaidrojumi, kas b\u016btiski ietekm\u0113 uz\u0146\u0113muma iesp\u0113jas uzvar\u0113t iepirkum\u0101, k\u0101 ar\u012b pal\u012bdz nodro\u0161in\u0101t, ka n\u0101kotn\u0113 uz\u0146\u0113mumam nerad\u012bsies zaud\u0113jumi saist\u012bb\u0101 ar iepirkuma l\u012bgum\u0101 ietverto nosac\u012bjumu izpildi.<\/p>\n<p>Publisko iepirkumu apstr\u012bd\u0113\u0161anas procesa efektivit\u0101tei, juridisk\u0101 pal\u012bdz\u012bba nodro\u0161ina korekti sagatavotus iesniegumus un pieteikumus ne tikai Iepirkumu uzraudz\u012bbas birojam, bet ar\u012b tiesai, kas viennoz\u012bm\u012bgi palielina izredzes uz god\u012bga publisk\u0101 iepirkuma norisi.<\/p>\n","protected":false},"excerpt":{"rendered":"<p>TADEO juridiskais birojs var pied\u0101v\u0101t juridiskus padomus, risin\u0101jumus, juridisko dokumentu sagatavo\u0161anu, k\u0101 ar\u012b tiesisko intere\u0161u p\u0101rst\u0101v\u012bbu da\u017e\u0101d\u0101s iest\u0101d\u0113s. Publisko iepirkumu apstr\u012bd\u0113\u0161anas proces\u0101 ir j\u0101iziet vair\u0101ki sec\u012bgi so\u013ci ar da\u017e\u0101du iesniegumu &#8230;<\/p>\n","protected":false},"author":1,"featured_media":0,"parent":0,"menu_order":0,"comment_status":"closed","ping_status":"closed","template":"","meta":[],"_links":{"self":[{"href":"https:\/\/tadeo.lv\/index.php\/wp-json\/wp\/v2\/pages\/705"}],"collection":[{"href":"https:\/\/tadeo.lv\/index.php\/wp-json\/wp\/v2\/pages"}],"about":[{"href":"https:\/\/tadeo.lv\/index.php\/wp-json\/wp\/v2\/types\/page"}],"author":[{"embeddable":true,"href":"https:\/\/tadeo.lv\/index.php\/wp-json\/wp\/v2\/users\/1"}],"replies":[{"embeddable":true,"href":"https:\/\/tadeo.lv\/index.php\/wp-json\/wp\/v2\/comments?post=705"}],"version-history":[{"count":5,"href":"https:\/\/tadeo.lv\/index.php\/wp-json\/wp\/v2\/pages\/705\/revisions"}],"predecessor-version":[{"id":1062,"href":"https:\/\/tadeo.lv\/index.php\/wp-json\/wp\/v2\/pages\/705\/revisions\/1062"}],"wp:attachment":[{"href":"https:\/\/tadeo.lv\/index.php\/wp-json\/wp\/v2\/media?parent=705"}],"curies":[{"name":"wp","href":"https:\/\/api.w.org\/{rel}","templated":true}]}}