{"id":703,"date":"2020-08-27T18:07:58","date_gmt":"2020-08-27T15:07:58","guid":{"rendered":"http:\/\/tadeo.lv\/?page_id=703"},"modified":"2020-11-25T11:43:56","modified_gmt":"2020-11-25T09:43:56","slug":"socialo-uznemumu-registracija","status":"publish","type":"page","link":"https:\/\/tadeo.lv\/index.php\/socialo-uznemumu-registracija\/?lang=lv","title":{"rendered":"Soci\u0101lo uz\u0146\u0113mumu re\u0123istr\u0101cija"},"content":{"rendered":"<p>Re\u0123istr\u0113jot soci\u0101lo uz\u0146\u0113m\u0113jdarb\u012bbu, izv\u0113lies to uztic\u0113t juristam, kas pal\u012bdz\u0113s sak\u0101rtot, gan dokument\u0101ciju, gan re\u0123istr\u0101ciju, gan pasarg\u0101t un p\u0101rst\u0101v\u0113t J\u016bsu intereses tiesas priek\u0161\u0101. TADEO juristu birojs var b\u016bt J\u016bsu uzticamais atbalsts soci\u0101l\u0101s uz\u0146\u0113m\u0113jdarb\u012bbas re\u0123istr\u0101cijas proces\u0101.<\/p>\n<p><strong>Ja Jums ir ideja, ko gribat realiz\u0113t un v\u0113laties k\u013c\u016bt par soci\u0101lo uz\u0146\u0113m\u0113ju, Jums noder\u0113s \u0161\u0101di juridiskie pakalpojumi:<\/strong><\/p>\n<ul>\n<li>juridisko konsult\u0101ciju pirms soci\u0101l\u0101 uz\u0146\u0113muma dibin\u0101\u0161anas;<\/li>\n<li>soci\u0101l\u0101 uz\u0146\u0113muma re\u0123istr\u0101cijas dokumentu sagatavo\u0161anu iesnieg\u0161anai uz\u0146\u0113mumu re\u0123istr\u0101 (UR);<\/li>\n<li>intere\u0161u p\u0101rst\u0101v\u012bbu ar soci\u0101lo uz\u0146\u0113m\u0113jdarb\u012bbu saist\u012bt\u0101s, valsts un pa\u0161vald\u012bbu iest\u0101d\u0113s.<\/li>\n<\/ul>\n<p><strong>Gad\u012bjum\u0101, ja jau esat juridisk\u0101 persona jeb sabiedr\u012bba ar ierobe\u017eotu atbild\u012bbu (SIA), m\u016bsu juristi var pal\u012bdz\u0113t ar \u0161\u0101diem juridiskajiem pakalpojumiem:<\/strong><\/p>\n<ul>\n<li>juridisko konsult\u0101ciju;<\/li>\n<li>dokumentu sagatavo\u0161anu uz\u0146\u0113muma piel\u0101go\u0161anai soci\u0101lajai uz\u0146\u0113m\u0113jdarb\u012bbai;<\/li>\n<li>citu juridisko dokumentu, piem\u0113ram, iesniegumu, piepras\u012bjumu sagatavo\u0161anu iesnieg\u0161anai ar soci\u0101lo uz\u0146\u0113m\u0113jdarb\u012bbu saist\u012bt\u0101s, valsts un pa\u0161vald\u012bbu iest\u0101d\u0113s;<\/li>\n<li>intere\u0161u p\u0101rst\u0101v\u012bbu valsts un pa\u0161vald\u012bbu iest\u0101d\u0113s.<\/li>\n<\/ul>\n<p>Pirms soci\u0101l\u0101 uz\u0146\u0113muma dibin\u0101\u0161anas svar\u012bgi ir saprast, ka soci\u0101l\u0101 uz\u0146\u0113muma m\u0113r\u0137is ir rad\u012bt labumu sabiedr\u012bbai, sniedzot pakalpojumu vai ra\u017eojot preces, nevis g\u016bt pe\u013c\u0146u uz\u0146\u0113muma \u012bpa\u0161niekiem. Pe\u013c\u0146a, kuru g\u016bst uz\u0146\u0113mums, tiek novirz\u012bta uz\u0146\u0113muma att\u012bst\u012bbai vai soci\u0101l\u0101 uz\u0146\u0113muma m\u0113r\u0137a realiz\u0113\u0161anai.<\/p>\n<p>Latvij\u0101 soci\u0101lais uz\u0146\u0113mums ir sabiedr\u012bba ar ierobe\u017eotu atbild\u012bbu (SIA), kura, izpildot likum\u0101 noteiktos krit\u0113rijus, ir ieguvusi soci\u0101l\u0101 uz\u0146\u0113muma statusu. Soci\u0101lo uz\u0146\u0113mumu var dibin\u0101t gan viena, gan vair\u0101kas personas kop\u0101, k\u0101 ar\u012b par SIA dibin\u0101t\u0101ju var k\u013c\u016bt juridiska persona.<\/p>\n<p><strong>K\u0101p\u0113c nepiecie\u0161ams juridiskais atbalsts, dibinot soci\u0101lo uz\u0146\u0113mumu vai piel\u0101gojot jau eso\u0161o uz\u0146\u0113mu soci\u0101l\u0101s uz\u0146\u0113m\u0113jdarb\u012bbas veik\u0161anai?<\/strong><\/p>\n<p>Lai uz\u0146\u0113mums k\u013c\u016btu par soci\u0101lo uz\u0146\u0113mumu, ir nepiecie\u0161ams izpild\u012bt likum\u0101 noteiktos krit\u0113rijus. \u0160o krit\u0113riju izpildi liel\u0101 m\u0113r\u0101 nodro\u0161ina juridiski korekti sagatavoti uz\u0146\u0113muma re\u0123istr\u0101cijas dokumenti, kuru realiz\u0101ciju efekt\u012bv\u0101kam re\u0123istr\u0101cijas procesam nodro\u0161ina jurists.<\/p>\n<p>Ar\u012b attiec\u012bb\u0101 uz jau eso\u0161a uz\u0146\u0113muma k\u013c\u016b\u0161anu par soci\u0101lo uz\u0146\u0113mumu, jurists pirms pl\u0101not\u0101 procesa realiz\u0101cijas sniedz juridisko konsult\u0101ciju, t\u0101d\u0113j\u0101di pal\u012bdzot saprast, vai ir iesp\u0113jams eso\u0161o uz\u0146\u0113mumu p\u0101rv\u0113rst par soci\u0101lo uz\u0146\u0113mumu. Juridisk\u0101 pal\u012bdz\u012bba nodro\u0161ina efekt\u012bvu un \u0101tru procesa realiz\u0113\u0161anu, t\u0101p\u0113c uztici juridiskos jaut\u0101jumus TADEO, kur str\u0101d\u0101 juridisk\u0101s nozares speci\u0101listi, kas \u0101tri un veiksm\u012bgi atrisin\u0101s jebkuru jaut\u0101jumu un probl\u0113mu.<\/p>\n","protected":false},"excerpt":{"rendered":"<p>Re\u0123istr\u0113jot soci\u0101lo uz\u0146\u0113m\u0113jdarb\u012bbu, izv\u0113lies to uztic\u0113t juristam, kas pal\u012bdz\u0113s sak\u0101rtot, gan dokument\u0101ciju, gan re\u0123istr\u0101ciju, gan pasarg\u0101t un p\u0101rst\u0101v\u0113t J\u016bsu intereses tiesas priek\u0161\u0101. TADEO juristu birojs var b\u016bt J\u016bsu uzticamais atbalsts &#8230;<\/p>\n","protected":false},"author":1,"featured_media":0,"parent":0,"menu_order":0,"comment_status":"closed","ping_status":"closed","template":"","meta":[],"_links":{"self":[{"href":"https:\/\/tadeo.lv\/index.php\/wp-json\/wp\/v2\/pages\/703"}],"collection":[{"href":"https:\/\/tadeo.lv\/index.php\/wp-json\/wp\/v2\/pages"}],"about":[{"href":"https:\/\/tadeo.lv\/index.php\/wp-json\/wp\/v2\/types\/page"}],"author":[{"embeddable":true,"href":"https:\/\/tadeo.lv\/index.php\/wp-json\/wp\/v2\/users\/1"}],"replies":[{"embeddable":true,"href":"https:\/\/tadeo.lv\/index.php\/wp-json\/wp\/v2\/comments?post=703"}],"version-history":[{"count":8,"href":"https:\/\/tadeo.lv\/index.php\/wp-json\/wp\/v2\/pages\/703\/revisions"}],"predecessor-version":[{"id":1096,"href":"https:\/\/tadeo.lv\/index.php\/wp-json\/wp\/v2\/pages\/703\/revisions\/1096"}],"wp:attachment":[{"href":"https:\/\/tadeo.lv\/index.php\/wp-json\/wp\/v2\/media?parent=703"}],"curies":[{"name":"wp","href":"https:\/\/api.w.org\/{rel}","templated":true}]}}