{"id":701,"date":"2020-08-27T18:07:09","date_gmt":"2020-08-27T15:07:09","guid":{"rendered":"http:\/\/tadeo.lv\/?page_id=701"},"modified":"2020-11-20T14:27:09","modified_gmt":"2020-11-20T12:27:09","slug":"paradu-piedzina-privatpersonam","status":"publish","type":"page","link":"https:\/\/tadeo.lv\/index.php\/paradu-piedzina-privatpersonam\/?lang=lv","title":{"rendered":"Par\u0101du piedzi\u0146a"},"content":{"rendered":"<p>Par\u0101du piedzi\u0146as komp\u0101nijas str\u0101d\u0101 p\u0113c saviem ieskatiem un principiem, lai atg\u016btu maksim\u0101li \u0101tru par\u0101da atg\u016b\u0161anu, ta\u010du ne vienm\u0113r ir nepiecie\u0161ams v\u0113rsties uzreiz pie par\u0101du piedzi\u0146as uz\u0146\u0113muma. Par\u0101du piedzi\u0146a no priv\u0101tpersonas vai juridiskas personas ir at\u0161\u0137ir\u012bga ar da\u017e\u0101d\u0101m juridisk\u0101m nians\u0113m, bet abas ir vienl\u012bdz nopietnas situ\u0101cijas, kuras sp\u0113s atrisin\u0101t tikai prasm\u012bgs jurists.<\/p>\n<p><strong>Kreditoriem jeb par\u0101du atguv\u0113jiem pied\u0101v\u0101jam \u0161\u0101dus juridiskos pakalpojumus:<\/strong><\/p>\n<ul>\n<li>juridisk\u0101s konsult\u0101cijas par par\u0101du atg\u016b\u0161anas risin\u0101jumiem;<\/li>\n<li>pretenzijas sagatavo\u0161anu nos\u016bt\u012b\u0161anai par\u0101dniekam jeb debitoram;<\/li>\n<li>sarunu proced\u016bras ve\u0161anu ar par\u0101dnieku jeb debitoru;<\/li>\n<li>apr\u0113\u0137ina sagatavo\u0161ana par kav\u0113tu saist\u012bbu izpildi, proti, l\u012bgumsoda, nokav\u0113juma procentu vai likumisko procentu piem\u0113ro\u0161anu;<\/li>\n<li>pras\u012bbas pieteikuma un citu ar pras\u012bbu saist\u012bto dokumentu sagatavo\u0161ana iesnieg\u0161anai ties\u0101;<\/li>\n<li>p\u0101rst\u0101v\u012bbu tiesas proces\u0101;<\/li>\n<li>citu juridisko dokumentu sagatavo\u0161ana, kas saist\u012bts ar par\u0101du atg\u016b\u0161anu, piem\u0113ram, izl\u012bgums vai pu\u0161u vieno\u0161an\u0101s par par\u0101da atmaksu.<\/li>\n<\/ul>\n<p><strong>K\u0101p\u0113c nepiecie\u0161ams juridiskais atbalsts par\u0101du piedzi\u0146as proces\u0101?<\/strong><\/p>\n<p>Ne vienm\u0113r situ\u0101cijas ir tik bezcer\u012bgas, k\u0101 tas \u0161\u0137iet s\u0101kotn\u0113ji. Jurists par\u0101du piedzi\u0146as liet\u0101s ir ne tikai profesion\u0101lis, kur\u0161 atbilsto\u0161i situ\u0101cijai sagatavos dokumentus un veiks vienas vai otras puses p\u0101rst\u0101v\u012bbu tiesas procesos, bet vienlaikus ir ar\u012b vidut\u0101js starp par\u0101dnieku un kreditoru, starp kreditoru un par\u0101da piedzi\u0146as procesa realiz\u0113t\u0101ju (piem\u0113ram, tiesu izpild\u012bt\u0101ju). Jurists ir persona, kur\u0161 nereti sp\u0113j atg\u016bt pazaud\u0113to, un ar nepiecie\u0161amo komunik\u0101ciju veiksm\u012bgi nosl\u0113gt realiz\u0113jamos par\u0101da piedzi\u0146as procesus.<\/p>\n","protected":false},"excerpt":{"rendered":"<p>Par\u0101du piedzi\u0146as komp\u0101nijas str\u0101d\u0101 p\u0113c saviem ieskatiem un principiem, lai atg\u016btu maksim\u0101li \u0101tru par\u0101da atg\u016b\u0161anu, ta\u010du ne vienm\u0113r ir nepiecie\u0161ams v\u0113rsties uzreiz pie par\u0101du piedzi\u0146as uz\u0146\u0113muma. Par\u0101du piedzi\u0146a no priv\u0101tpersonas &#8230;<\/p>\n","protected":false},"author":1,"featured_media":0,"parent":0,"menu_order":0,"comment_status":"closed","ping_status":"closed","template":"","meta":[],"_links":{"self":[{"href":"https:\/\/tadeo.lv\/index.php\/wp-json\/wp\/v2\/pages\/701"}],"collection":[{"href":"https:\/\/tadeo.lv\/index.php\/wp-json\/wp\/v2\/pages"}],"about":[{"href":"https:\/\/tadeo.lv\/index.php\/wp-json\/wp\/v2\/types\/page"}],"author":[{"embeddable":true,"href":"https:\/\/tadeo.lv\/index.php\/wp-json\/wp\/v2\/users\/1"}],"replies":[{"embeddable":true,"href":"https:\/\/tadeo.lv\/index.php\/wp-json\/wp\/v2\/comments?post=701"}],"version-history":[{"count":7,"href":"https:\/\/tadeo.lv\/index.php\/wp-json\/wp\/v2\/pages\/701\/revisions"}],"predecessor-version":[{"id":1061,"href":"https:\/\/tadeo.lv\/index.php\/wp-json\/wp\/v2\/pages\/701\/revisions\/1061"}],"wp:attachment":[{"href":"https:\/\/tadeo.lv\/index.php\/wp-json\/wp\/v2\/media?parent=701"}],"curies":[{"name":"wp","href":"https:\/\/api.w.org\/{rel}","templated":true}]}}