{"id":699,"date":"2020-08-27T18:06:12","date_gmt":"2020-08-27T15:06:12","guid":{"rendered":"http:\/\/tadeo.lv\/?page_id=699"},"modified":"2020-10-13T11:37:05","modified_gmt":"2020-10-13T08:37:05","slug":"nekustamais-ipasums","status":"publish","type":"page","link":"https:\/\/tadeo.lv\/index.php\/nekustamais-ipasums\/?lang=lv","title":{"rendered":"Nekustamais \u012bpa\u0161ums"},"content":{"rendered":"<p>Lai vai k\u0101di ir J\u016bsu pl\u0101ni attiec\u012bb\u0101 uz nekustamo \u012bpa\u0161umu, ir v\u0113rts griezties pie jurista, ja nepiecie\u0161ama nekustam\u0101 \u012bpa\u0161uma pirkuma l\u012bguma sagatavo\u0161ana vai juridisk\u0101 konsult\u0101cija b\u016bvniec\u012bbas str\u012bdu, nekustam\u0101 \u012bpa\u0161uma sadal\u012b\u0161anas, apsaimnieko\u0161anas un citos ar nekustamo \u012bpa\u0161umu saist\u012btos jaut\u0101jumos. M\u016bsu juridiskaj\u0101 biroj\u0101 sastapsiet zino\u0161us profesijas p\u0101rst\u0101vjus &#8211; juristus &#8211; ar vair\u0101k nek\u0101 10 gadu pieredzi un nerimsto\u0161u zin\u0101tk\u0101ri.<\/p>\n<p><strong>TADEO juridisko pakalpojumu portfel\u012b atrad\u012bsiet:<\/strong><\/p>\n<ul>\n<li>juridisk\u0101s konsult\u0101cijas nekustam\u0101 \u012bpa\u0161uma ieg\u0101des proces\u0101;<\/li>\n<li>nekustam\u0101 \u012bpa\u0161uma pirkuma l\u012bguma sagatavo\u0161anu vai jau eso\u0161a l\u012bguma kori\u0123\u0113\u0161anu;<\/li>\n<li>ar nekustam\u0101 \u012bpa\u0161uma apsaimnieko\u0161anu saist\u012bto jaut\u0101jumu juridisk\u0101s konsult\u0101cijas;<\/li>\n<li>nekustam\u0101 \u012bpa\u0161uma apsaimnieko\u0161anas dz\u012bvok\u013cu biedr\u012bbu izveidi, re\u0123istr\u0101ciju uz\u0146\u0113mumu re\u0123istr\u0101;<\/li>\n<li>b\u016bvniec\u012bbas procesa laik\u0101 nepiecie\u0161amo dokumentu sagatavo\u0161anu iesnieg\u0161anai atbild\u012bgaj\u0101s instit\u016bcij\u0101s;<\/li>\n<li>juridisko pal\u012bdz\u012bbu b\u016bvniec\u012bbas str\u012bdu risin\u0101\u0161anai, kas ietver tiesisko intere\u0161u p\u0101rst\u0101v\u012bbu gan \u0101rpus tiesas, gan tiesas ce\u013c\u0101;<\/li>\n<li>nekustam\u0101 \u012bpa\u0161uma \u012bres un nomas l\u012bguma sagatavo\u0161anu, k\u0101 ar\u012b kori\u0123\u0113\u0161anu;<\/li>\n<li>ar servit\u016bta nodibin\u0101\u0161anu un nodibin\u0101to servit\u016btu re\u0123istr\u0113\u0161anu saist\u012bt\u0101s juridisk\u0101s konsult\u0101cijas un juridisko pal\u012bdz\u012bbu;<\/li>\n<li>ar nekustam\u0101 \u012bpa\u0161umu sadal\u012b\u0161anu vai atdal\u012b\u0161anu saist\u012bto jaut\u0101jumu juridisko konsult\u0101cijas vai pakalpojumus.<\/li>\n<\/ul>\n<p><strong>\u00a0<\/strong><\/p>\n<p><strong>K\u0101p\u0113c ir nepiecie\u0161ams juridiskais atbalsts nekustam\u0101 \u012bpa\u0161uma dar\u012bjumos?<\/strong><\/p>\n<p>Juridisk\u0101 konsult\u0101cija pirms nekustam\u0101 \u012bpa\u0161uma ieg\u0101des sniedz izpratni par:<\/p>\n<ul>\n<li>to, vai J\u016bsu iecer\u0113tajai idejai, ko v\u0113laties realiz\u0113t uz nekustam\u0101 \u012bpa\u0161uma, nav \u0161\u0137\u0113r\u0161\u013cu, piem\u0113ram, ieg\u0101d\u0101jam\u0101 \u012bpa\u0161uma formas neatbilst\u012bba, apgr\u016btin\u0101jumu neesam\u012bba, taj\u0101 skait\u0101 t\u0101di, kas nav re\u0123istr\u0113ti zemesgr\u0101mat\u0101;<\/li>\n<li>ieg\u0101des procesu un ar to saist\u012btaj\u0101m formalit\u0101t\u0113m;<\/li>\n<li>izmaks\u0101m, kas b\u016bs saist\u012btas ar ieg\u0101des procesu un ieg\u0101d\u0101t\u0101 \u012bpa\u0161uma turpm\u0101ku uztur\u0113\u0161anu.<\/li>\n<\/ul>\n<p>Jurists nekustam\u0101 \u012bpa\u0161uma dar\u012bjumu sagatavos, lai tas ir maksim\u0101li dro\u0161s gan nekustam\u0101 \u012bpa\u0161uma ieg\u0101des, gan p\u0101rdo\u0161anas gad\u012bjum\u0101. Jurista piesaiste \u013caus izvair\u012bties no k\u013c\u016bd\u0101m, kuru labo\u0161ana var rad\u012bt b\u016btiskus materi\u0101lus zaud\u0113jumus un pras\u012bt iev\u0113rojamu laika resursu.<\/p>\n<p>Gad\u012bjum\u0101, ja uz\u0146\u0113mums jau ir nekustam\u0101 \u012bpa\u0161uma \u012bpa\u0161nieks, juridiskais atbalsts var pal\u012bdz\u0113t veiksm\u012bg\u0101k veikt nekustam\u0101 \u012bpa\u0161uma apsaimnieko\u0161anu, k\u0101 ar\u012b padar\u012bt nekustamo \u012bpa\u0161umu rentablu, to nom\u0101jot vai \u012br\u0113jot. Juridiski korekts l\u012bgums pasarg\u0101 J\u016bs no n\u0101kotnes zaud\u0113jumiem, kas iesp\u0113jami gan saist\u012bbu neizpildes gad\u012bjum\u0101, gan neskaidro l\u012bguma noteikumu rezult\u0101t\u0101.<\/p>\n","protected":false},"excerpt":{"rendered":"<p>Lai vai k\u0101di ir J\u016bsu pl\u0101ni attiec\u012bb\u0101 uz nekustamo \u012bpa\u0161umu, ir v\u0113rts griezties pie jurista, ja nepiecie\u0161ama nekustam\u0101 \u012bpa\u0161uma pirkuma l\u012bguma sagatavo\u0161ana vai juridisk\u0101 konsult\u0101cija b\u016bvniec\u012bbas str\u012bdu, nekustam\u0101 \u012bpa\u0161uma sadal\u012b\u0161anas, &#8230;<\/p>\n","protected":false},"author":1,"featured_media":0,"parent":0,"menu_order":0,"comment_status":"closed","ping_status":"closed","template":"","meta":[],"_links":{"self":[{"href":"https:\/\/tadeo.lv\/index.php\/wp-json\/wp\/v2\/pages\/699"}],"collection":[{"href":"https:\/\/tadeo.lv\/index.php\/wp-json\/wp\/v2\/pages"}],"about":[{"href":"https:\/\/tadeo.lv\/index.php\/wp-json\/wp\/v2\/types\/page"}],"author":[{"embeddable":true,"href":"https:\/\/tadeo.lv\/index.php\/wp-json\/wp\/v2\/users\/1"}],"replies":[{"embeddable":true,"href":"https:\/\/tadeo.lv\/index.php\/wp-json\/wp\/v2\/comments?post=699"}],"version-history":[{"count":6,"href":"https:\/\/tadeo.lv\/index.php\/wp-json\/wp\/v2\/pages\/699\/revisions"}],"predecessor-version":[{"id":1056,"href":"https:\/\/tadeo.lv\/index.php\/wp-json\/wp\/v2\/pages\/699\/revisions\/1056"}],"wp:attachment":[{"href":"https:\/\/tadeo.lv\/index.php\/wp-json\/wp\/v2\/media?parent=699"}],"curies":[{"name":"wp","href":"https:\/\/api.w.org\/{rel}","templated":true}]}}