{"id":697,"date":"2020-08-27T18:05:34","date_gmt":"2020-08-27T15:05:34","guid":{"rendered":"http:\/\/tadeo.lv\/?page_id=697"},"modified":"2020-12-09T15:08:14","modified_gmt":"2020-12-09T13:08:14","slug":"maksatnespeja-juridiskam-personam","status":"publish","type":"page","link":"https:\/\/tadeo.lv\/index.php\/maksatnespeja-juridiskam-personam\/?lang=lv","title":{"rendered":"Maks\u0101tnesp\u0113ja juridisk\u0101m person\u0101m"},"content":{"rendered":"<p>Izv\u0113lieties uzticamu juristu biroju, kas sp\u0113s ne tikai gudri un operat\u012bvi sagatavot nepiecie\u0161amo maks\u0101tnesp\u0113jas dokument\u0101ciju iesnieg\u0161anai ties\u0101, bet ar\u012b veiksm\u012bgi pan\u0101kt labv\u0113l\u012bgu rezult\u0101tu maks\u0101tnesp\u0113jas proces\u0101.<\/p>\n<p><strong>M\u016bsu juristi var Jums pal\u012bdz\u0113t maks\u0101tnesp\u0113jas jaut\u0101jumos ar sekojo\u0161ajiem pakalpojumiem:<\/strong><\/p>\n<ul>\n<li>juridisk\u0101m konsult\u0101cij\u0101m par tiesisk\u0101s aizsardz\u012bbas procesa uzs\u0101k\u0161anu un sek\u0101m;<\/li>\n<li>juridisk\u0101m konsult\u0101cij\u0101m, kuras laik\u0101 sniegsim inform\u0101ciju par maks\u0101tnesp\u0113jas procesa norisi, izmaks\u0101m, k\u0101 ar\u012b, izv\u0113rt\u0113jot uz\u0146\u0113muma finan\u0161u situ\u0101ciju, tiks sniegti lab\u0101kie juridiskie risin\u0101jumi;<\/li>\n<li>tiesisk\u0101s aizsardz\u012bbas procesa pieteikuma sagatavo\u0161anu iesnieg\u0161anai ties\u0101;<\/li>\n<li>juridiskas personas maks\u0101tnesp\u0113jas procesa pieteikuma sagatavo\u0161anu iesnieg\u0161anai ties\u0101;<\/li>\n<li>tiesisko intere\u0161u p\u0101rst\u0101v\u012bbu gan tiesisk\u0101s aizsardz\u012bbas procesa laik\u0101, gan maks\u0101tnesp\u0113jas procesa ietvaros ar kreditoriem, maks\u0101tnesp\u0113jas procesa administratoru;<\/li>\n<li>saist\u012bbu izpildes pl\u0101na sagatavo\u0161anu.<\/li>\n<\/ul>\n<p><strong>Juridiskas personas maks\u0101tnesp\u0113jas procesu var piem\u0113rot, ja:<\/strong><\/p>\n<ul>\n<li>SIA vai AS par\u0101dsaist\u012bbu, kam iest\u0101jies izpildes termi\u0146\u0161, summa p\u0101rsniedz 4268 EUR un kreditors vai kreditori ir izs\u016bt\u012bju\u0161i br\u012bdin\u0101jumu par maks\u0101tnesp\u0113jas procesa pieteikumu, p\u0113c kura par\u0101dnieks tr\u012bs ned\u0113\u013cu laik\u0101 nav samaks\u0101jis par\u0101du vai nav c\u0113lis pamatotus iebildumus pret pras\u012bjumu.<\/li>\n<li>Citas juridisk\u0101s personas (piem\u0113ram, individu\u0101lais komersants, saimniec\u012bbas, pilnsabiedr\u012bbas, kooperat\u012bv\u0101s sabiedr\u012bbas) par\u0101dsaist\u012bbu, kur\u0101m iest\u0101jies izpildes termi\u0146\u0161, summa p\u0101rsniedz 2134 EUR un kreditors vai kreditori ir izs\u016bt\u012bju\u0161i br\u012bdin\u0101jumu par maks\u0101tnesp\u0113jas procesa pieteikumu, p\u0113c kura par\u0101dnieks tr\u012bs ned\u0113\u013cu laik\u0101 nav samaks\u0101jis par\u0101du vai nav c\u0113lis pamatotus iebildumus pret pras\u012bjumu.<\/li>\n<li>Juridisk\u0101 persona nav piln\u012bb\u0101 izmaks\u0101jusi darba samaksu, kait\u0113juma atl\u012bdz\u012bbu darbiniekiem vai nav veikusi soci\u0101l\u0101s apdro\u0161in\u0101\u0161anas oblig\u0101t\u0101s iemaksas divu m\u0113ne\u0161u laik\u0101 no izmaksai noteikt\u0101s dienas.<\/li>\n<li>Juridisk\u0101 persona vair\u0101k nek\u0101 divus m\u0113ne\u0161us nav nok\u0101rtojusi par\u0101dsaist\u012bbas, kur\u0101m ir iest\u0101jies izpildes termi\u0146\u0161.<\/li>\n<li>Likvid\u0101cijas procesa laik\u0101 atkl\u0101jies, ka par\u0101dniekam nepietiek akt\u012bvu, lai apmierin\u0101tu kreditora pras\u012bjumus.<\/li>\n<\/ul>\n<p><strong>&nbsp;<\/strong><\/p>\n<p><strong>Tiesisk\u0101s aizsardz\u012bbas process (TAP)<\/strong><\/p>\n<ul>\n<li>Procesa m\u0113r\u0137is ir atjaunot uz\u0146\u0113muma maks\u0101tsp\u0113ju.<\/li>\n<li>Tiesisk\u0101s aizsardz\u012bbas procesu var l\u016bgt uzs\u0101kt juridisk\u0101s personas, person\u0101lsabiedr\u012bbas, individu\u0101lais komersants, \u0101rvalst\u012b re\u0123istr\u0113ta persona, kas veic past\u0101v\u012bgu saimniecisko darb\u012bbu Latvij\u0101, un lauksaimniec\u012bbas produktu ra\u017eot\u0101js.<\/li>\n<\/ul>\n<p><strong>K\u0101p\u0113c nepiecie\u0161ams juridiskais atbalsts maks\u0101tnesp\u0113jas procesa laik\u0101?<\/strong><\/p>\n<p>Jurists uz\u0146\u0113muma maks\u0101tnesp\u0113jas procesa laik\u0101 ne tikai sp\u0113j sagatavot juridiska rakstura dokumentus iesnieg\u0161anai ties\u0101, bet ar\u012b sniedz detaliz\u0113tu inform\u0101ciju uz\u0146\u0113muma p\u0101rst\u0101vjiem par tiesisk\u0101 aizsardz\u012bbas procesa un maks\u0101tnesp\u0113jas procesa uzs\u0101k\u0161anu, t\u0101 norisi, k\u0101 ar\u012b veic tiesisko intere\u0161u p\u0101rst\u0101v\u012bbu, lai maks\u0101tnesp\u0113jas process norit\u0113tu p\u0113c iesp\u0113jas efekt\u012bv\u0101k. Uzticot maks\u0101tnesp\u0113jas procesu TADEO juristiem, J\u016bs pasarg\u0101jat sevi un savu uz\u0146\u0113mumu no neparedz\u0113tiem finan\u0161u zaud\u0113jumiem.<\/p>\n","protected":false},"excerpt":{"rendered":"<p>Izv\u0113lieties uzticamu juristu biroju, kas sp\u0113s ne tikai gudri un operat\u012bvi sagatavot nepiecie\u0161amo maks\u0101tnesp\u0113jas dokument\u0101ciju iesnieg\u0161anai ties\u0101, bet ar\u012b veiksm\u012bgi pan\u0101kt labv\u0113l\u012bgu rezult\u0101tu maks\u0101tnesp\u0113jas proces\u0101. M\u016bsu juristi var Jums pal\u012bdz\u0113t &#8230;<\/p>\n","protected":false},"author":1,"featured_media":0,"parent":0,"menu_order":0,"comment_status":"closed","ping_status":"closed","template":"","meta":[],"_links":{"self":[{"href":"https:\/\/tadeo.lv\/index.php\/wp-json\/wp\/v2\/pages\/697"}],"collection":[{"href":"https:\/\/tadeo.lv\/index.php\/wp-json\/wp\/v2\/pages"}],"about":[{"href":"https:\/\/tadeo.lv\/index.php\/wp-json\/wp\/v2\/types\/page"}],"author":[{"embeddable":true,"href":"https:\/\/tadeo.lv\/index.php\/wp-json\/wp\/v2\/users\/1"}],"replies":[{"embeddable":true,"href":"https:\/\/tadeo.lv\/index.php\/wp-json\/wp\/v2\/comments?post=697"}],"version-history":[{"count":9,"href":"https:\/\/tadeo.lv\/index.php\/wp-json\/wp\/v2\/pages\/697\/revisions"}],"predecessor-version":[{"id":1207,"href":"https:\/\/tadeo.lv\/index.php\/wp-json\/wp\/v2\/pages\/697\/revisions\/1207"}],"wp:attachment":[{"href":"https:\/\/tadeo.lv\/index.php\/wp-json\/wp\/v2\/media?parent=697"}],"curies":[{"name":"wp","href":"https:\/\/api.w.org\/{rel}","templated":true}]}}