{"id":695,"date":"2020-08-27T18:04:55","date_gmt":"2020-08-27T15:04:55","guid":{"rendered":"http:\/\/tadeo.lv\/?page_id=695"},"modified":"2020-11-25T11:43:00","modified_gmt":"2020-11-25T09:43:00","slug":"darijuma-ligumi","status":"publish","type":"page","link":"https:\/\/tadeo.lv\/index.php\/darijuma-ligumi\/?lang=lv","title":{"rendered":"Dar\u012bjuma l\u012bgumi"},"content":{"rendered":"<p>Katram uz\u0146\u0113mumam ikdien\u0101 n\u0101kas saskarties ar da\u017e\u0101diem dar\u012bjumiem un ar\u012b l\u012bgumiem. L\u012bgumu sast\u0101d\u012b\u0161ana var b\u016bt laikietilp\u012bga un sare\u017e\u0123\u012bta, t\u0101p\u0113c vienm\u0113r dro\u0161\u0101kais variants ir uztic\u0113t da\u017e\u0101du dar\u012bjumu l\u012bgumu un dokumentu sagatavo\u0161anu sava amata profesion\u0101\u013ciem &#8211; juristiem, kuri p\u0101rzina visu jomu normat\u012bvos aktus un seko l\u012bdz likumu aktualit\u0101t\u0113m.<\/p>\n<p><strong>M\u0113s, TADEO, k\u0101 juridiskais birojs pied\u0101v\u0101jam \u0161\u0101dus juridiskos pakalpojumus:<\/strong><\/p>\n<ul>\n<li>aizdevuma l\u012bguma sagatavo\u0161anu un kori\u0123\u0113\u0161anu;<\/li>\n<li>cesijas l\u012bguma sagatavo\u0161anu un kori\u0123\u0113\u0161anu;<\/li>\n<li>darba l\u012bguma sast\u0101d\u012b\u0161anu un kori\u0123\u0113\u0161anu;<\/li>\n<li>faktoringa l\u012bguma sagatavo\u0161anu un kori\u0123\u0113\u0161anu;<\/li>\n<li><em>Force Majeure<\/em> jeb nep\u0101rvaramas varas apst\u0101k\u013cu iest\u0101\u0161an\u0101s pier\u0101d\u012b\u0161anu saist\u012bbu izpildes proces\u0101;<\/li>\n<li>glab\u0101\u0161anas l\u012bguma sagatavo\u0161anu un kori\u0123\u0113\u0161anu;<\/li>\n<li>jebk\u0101da veida pakalpojuma\/uz\u0146\u0113muma l\u012bguma, tai skait\u0101 b\u016bvniec\u012bbas l\u012bguma, sagatavo\u0161anu un kori\u0123\u0113\u0161anu;<\/li>\n<li>kred\u012btl\u012bzinga l\u012bguma sagatavo\u0161anu un kori\u0123\u0113\u0161anu;<\/li>\n<li>l\u012bguma vai l\u012bguma da\u013cas apstr\u012bd\u0113\u0161anu;<\/li>\n<li>l\u012bguma vai l\u012bguma da\u013cas atz\u012b\u0161anu par sp\u0113k\u0101 neeso\u0161u;<\/li>\n<li>nekustam\u0101 \u012bpa\u0161uma dar\u012bjumu l\u012bgumu sast\u0101d\u012b\u0161anu;<\/li>\n<li>nomas un \u012bres l\u012bgumu sagatavo\u0161anu un kori\u0123\u0113\u0161anu;<\/li>\n<li>patapin\u0101juma l\u012bguma sagatavo\u0161anu un kori\u0123\u0113\u0161anu;<\/li>\n<li>p\u0101rjaunojuma l\u012bguma sagatavo\u0161anu un kori\u0123\u0113\u0161anu;<\/li>\n<li>pirkuma l\u012bguma, tai skait\u0101 nekustam\u0101 \u012bpa\u0161uma, sagatavo\u0161anu un kori\u0123\u0113\u0161anu;<\/li>\n<li>pre\u010du p\u0101rdo\u0161anas l\u012bguma sagatavo\u0161anu un kori\u0123\u0113\u0161anu;<\/li>\n<li>pre\u010du pieg\u0101des l\u012bguma sagatavo\u0161anu un kori\u0123\u0113\u0161anu;<\/li>\n<li>sarunu proced\u016bru vad\u012b\u0161anu starp dar\u012bjuma partneriem;<\/li>\n<li>p\u0101rst\u0101v\u012bbu ties\u0101.<\/li>\n<\/ul>\n<p><strong>K\u0101p\u0113c ir nepiecie\u0161ams juridiskais atbalsts dar\u012bjuma l\u012bguma izveides un saska\u0146o\u0161anas gait\u0101?<\/strong><\/p>\n<p>Lai paredz\u0113tu un izvair\u012btos no situ\u0101cij\u0101m, kuras n\u0101kotn\u0113 uz\u0146\u0113mumam var rad\u012bt zaud\u0113jumus, b\u016btiski ir l\u012bgumi un taj\u0101 ietvertie nosac\u012bjumi. Juridiski korekti sagatavota vieno\u0161an\u0101s jeb l\u012bgums nosaka ne tikai dar\u012bjuma summu un izpildes vietu vai veidu, bet ar\u012b nosaka l\u012bgumsl\u0113dz\u0113ju pu\u0161u ties\u012bbas un pien\u0101kumus, k\u0101 ar\u012b regul\u0113 citus, ar uz\u0146\u0113m\u0113jdarb\u012bbu saist\u012btus jaut\u0101jumus, kas n\u0101kotn\u0113 \u013cauj izvair\u012bties no str\u012bdiem un domstarp\u012bb\u0101m, kuru pamat\u0101 nereti ir nepiln\u012bgi sagatavoti dar\u012bjumu dokumenti.<\/p>\n<p>Saist\u012bbu izpildes str\u012bdus gad\u012bjum\u0101 jurists nodro\u0161ina klienta intere\u0161u p\u0101rst\u0101v\u012bbu ne tikai tiesved\u012bbas proces\u0101, bet ar\u012b sazi\u0146\u0101 ar dar\u012bjuma partneri, kas b\u016btiski atvieglo uz\u0146\u0113muma darb\u012bbu un pal\u012bdz efekt\u012bv\u0101k pu\u0161u starp\u0101 past\u0101vo\u0161\u0101s domstarp\u012bbas atrisin\u0101t. Izv\u0113lieties TADEO juridiskos pakalpojumus J\u016bsu uz\u0146\u0113muma dokumentu un l\u012bgumu sak\u0101rto\u0161anai!<\/p>\n","protected":false},"excerpt":{"rendered":"<p>Katram uz\u0146\u0113mumam ikdien\u0101 n\u0101kas saskarties ar da\u017e\u0101diem dar\u012bjumiem un ar\u012b l\u012bgumiem. L\u012bgumu sast\u0101d\u012b\u0161ana var b\u016bt laikietilp\u012bga un sare\u017e\u0123\u012bta, t\u0101p\u0113c vienm\u0113r dro\u0161\u0101kais variants ir uztic\u0113t da\u017e\u0101du dar\u012bjumu l\u012bgumu un dokumentu sagatavo\u0161anu &#8230;<\/p>\n","protected":false},"author":1,"featured_media":0,"parent":0,"menu_order":0,"comment_status":"closed","ping_status":"closed","template":"","meta":[],"_links":{"self":[{"href":"https:\/\/tadeo.lv\/index.php\/wp-json\/wp\/v2\/pages\/695"}],"collection":[{"href":"https:\/\/tadeo.lv\/index.php\/wp-json\/wp\/v2\/pages"}],"about":[{"href":"https:\/\/tadeo.lv\/index.php\/wp-json\/wp\/v2\/types\/page"}],"author":[{"embeddable":true,"href":"https:\/\/tadeo.lv\/index.php\/wp-json\/wp\/v2\/users\/1"}],"replies":[{"embeddable":true,"href":"https:\/\/tadeo.lv\/index.php\/wp-json\/wp\/v2\/comments?post=695"}],"version-history":[{"count":7,"href":"https:\/\/tadeo.lv\/index.php\/wp-json\/wp\/v2\/pages\/695\/revisions"}],"predecessor-version":[{"id":1095,"href":"https:\/\/tadeo.lv\/index.php\/wp-json\/wp\/v2\/pages\/695\/revisions\/1095"}],"wp:attachment":[{"href":"https:\/\/tadeo.lv\/index.php\/wp-json\/wp\/v2\/media?parent=695"}],"curies":[{"name":"wp","href":"https:\/\/api.w.org\/{rel}","templated":true}]}}