{"id":439,"date":"2020-02-13T14:07:44","date_gmt":"2020-02-13T14:07:44","guid":{"rendered":"http:\/\/tadeo.lv\/?page_id=439"},"modified":"2020-09-01T22:01:04","modified_gmt":"2020-09-01T19:01:04","slug":"juridiskie-pakalpojumi","status":"publish","type":"page","link":"https:\/\/tadeo.lv\/index.php\/juridiskie-pakalpojumi\/?lang=lv","title":{"rendered":"Juridiskie pakalpojumi"},"content":{"rendered":"<div class=\"flex-row juridic-row\">\n<div onclick=\"window.location='index.php\/privatpersonam\/'\" class=\"juridic-colum\">\n<h2 class=\"juridic-column-heading\">PRIV\u0100TPERSON\u0100M<\/h2>\n<\/div>\n<div onclick=\"window.location='index.php\/juridiskam-personam\/'\" class=\"juridic-colum\">\n<h2 class=\"juridic-column-heading\">UZ\u0145\u0112MUMIEM<\/h2>\n<\/div>\n<\/div>\n","protected":false},"excerpt":{"rendered":"<p>PRIV\u0100TPERSON\u0100M UZ\u0145\u0112MUMIEM<\/p>\n","protected":false},"author":1,"featured_media":0,"parent":0,"menu_order":0,"comment_status":"closed","ping_status":"closed","template":"","meta":[],"_links":{"self":[{"href":"https:\/\/tadeo.lv\/index.php\/wp-json\/wp\/v2\/pages\/439"}],"collection":[{"href":"https:\/\/tadeo.lv\/index.php\/wp-json\/wp\/v2\/pages"}],"about":[{"href":"https:\/\/tadeo.lv\/index.php\/wp-json\/wp\/v2\/types\/page"}],"author":[{"embeddable":true,"href":"https:\/\/tadeo.lv\/index.php\/wp-json\/wp\/v2\/users\/1"}],"replies":[{"embeddable":true,"href":"https:\/\/tadeo.lv\/index.php\/wp-json\/wp\/v2\/comments?post=439"}],"version-history":[{"count":18,"href":"https:\/\/tadeo.lv\/index.php\/wp-json\/wp\/v2\/pages\/439\/revisions"}],"predecessor-version":[{"id":892,"href":"https:\/\/tadeo.lv\/index.php\/wp-json\/wp\/v2\/pages\/439\/revisions\/892"}],"wp:attachment":[{"href":"https:\/\/tadeo.lv\/index.php\/wp-json\/wp\/v2\/media?parent=439"}],"curies":[{"name":"wp","href":"https:\/\/api.w.org\/{rel}","templated":true}]}}