{"id":435,"date":"2020-02-13T14:06:49","date_gmt":"2020-02-13T14:06:49","guid":{"rendered":"http:\/\/tadeo.lv\/?page_id=435"},"modified":"2021-06-15T14:02:52","modified_gmt":"2021-06-15T11:02:52","slug":"biznesam","status":"publish","type":"page","link":"https:\/\/tadeo.lv\/index.php\/biznesam\/?lang=lv","title":{"rendered":"Jurists Tav\u0101 biroj\u0101"},"content":{"rendered":"<p><br \/>\n <font size=\"+1\"><strong>JAUNUMS!<\/strong><\/font><br \/>\nVai esi k\u0101dreiz grib\u0113jis, lai Tava komand\u0101 ir cilv\u0113ks, kur\u0161 sp\u0113j sare\u017e\u0123\u012btu l\u012bgumu \u201ciztulkot\u201d cilv\u0113ku valod\u0101? Vai ar\u012b esi apjucis ar to dokumentu apjomu, kas ik dienas ir j\u0101lasa un j\u0101raksta iest\u0101d\u0113m, klientiem un sadarb\u012bbas partneriem? Varb\u016bt vienk\u0101r\u0161i v\u0113lies k\u0101du, kur\u0161 pal\u012bdzetu ar uz\u0146\u0113muma att\u012bst\u012bbu, nodro\u0161inot juridisko atbalstu?<br \/>\nMums Tev ir pied\u0101v\u0101jums! &#8211; pakalpojums \u201cJurists Tav\u0101 biroj\u0101\/uz\u0146\u0113mum\u0101\/komand\u0101\u201d.<\/p>","protected":false},"excerpt":{"rendered":"<p>JAUNUMS! Vai esi k\u0101dreiz grib\u0113jis, lai Tava komand\u0101 ir cilv\u0113ks, kur\u0161 sp\u0113j sare\u017e\u0123\u012btu l\u012bgumu \u201ciztulkot\u201d cilv\u0113ku valod\u0101? Vai ar\u012b esi apjucis ar to dokumentu apjomu, kas ik dienas ir j\u0101lasa &#8230;<\/p>\n","protected":false},"author":1,"featured_media":0,"parent":0,"menu_order":0,"comment_status":"closed","ping_status":"closed","template":"template-prices.php","meta":[],"_links":{"self":[{"href":"https:\/\/tadeo.lv\/index.php\/wp-json\/wp\/v2\/pages\/435"}],"collection":[{"href":"https:\/\/tadeo.lv\/index.php\/wp-json\/wp\/v2\/pages"}],"about":[{"href":"https:\/\/tadeo.lv\/index.php\/wp-json\/wp\/v2\/types\/page"}],"author":[{"embeddable":true,"href":"https:\/\/tadeo.lv\/index.php\/wp-json\/wp\/v2\/users\/1"}],"replies":[{"embeddable":true,"href":"https:\/\/tadeo.lv\/index.php\/wp-json\/wp\/v2\/comments?post=435"}],"version-history":[{"count":39,"href":"https:\/\/tadeo.lv\/index.php\/wp-json\/wp\/v2\/pages\/435\/revisions"}],"predecessor-version":[{"id":1378,"href":"https:\/\/tadeo.lv\/index.php\/wp-json\/wp\/v2\/pages\/435\/revisions\/1378"}],"wp:attachment":[{"href":"https:\/\/tadeo.lv\/index.php\/wp-json\/wp\/v2\/media?parent=435"}],"curies":[{"name":"wp","href":"https:\/\/api.w.org\/{rel}","templated":true}]}}