{"id":189,"date":"2016-05-08T17:22:51","date_gmt":"2016-05-08T17:22:51","guid":{"rendered":"https:\/\/oceanwp.org\/gym\/?page_id=189"},"modified":"2020-12-07T18:31:57","modified_gmt":"2020-12-07T16:31:57","slug":"about-us","status":"publish","type":"page","link":"https:\/\/tadeo.lv\/index.php\/about-us\/?lang=lv","title":{"rendered":"Par TADEO"},"content":{"rendered":"<p><img loading=\"lazy\" class=\"aligncenter wp-image-1087 size-full\" src=\"http:\/\/tadeo.lv\/wp-content\/uploads\/2020\/10\/par-mums-bilde-2-e1603987618376.png\" alt=\"\" width=\"1500\" height=\"791\" srcset=\"https:\/\/tadeo.lv\/wp-content\/uploads\/2020\/10\/par-mums-bilde-2-e1603987618376.png 1500w, https:\/\/tadeo.lv\/wp-content\/uploads\/2020\/10\/par-mums-bilde-2-e1603987618376-300x158.png 300w, https:\/\/tadeo.lv\/wp-content\/uploads\/2020\/10\/par-mums-bilde-2-e1603987618376-1024x540.png 1024w, https:\/\/tadeo.lv\/wp-content\/uploads\/2020\/10\/par-mums-bilde-2-e1603987618376-768x405.png 768w\" sizes=\"(max-width: 1500px) 100vw, 1500px\" \/><\/p>\n<p>Juridiskais birojs TADEO ir jauns un m\u016bsdien\u012bgs pakalpojumu sniedz\u0113js tiem, kuriem nepiecie\u0161ama juridisk\u0101 pal\u012bdz\u012bba. Sniedzam pla\u0161a ranga pakalpojumus gan juridiskaj\u0101m, gan priv\u0101tperson\u0101m, pied\u0101v\u0101jot konsult\u0101cijas un juridiskos pakalpojumus visda\u017e\u0101d\u0101kaj\u0101s sf\u0113r\u0101s. Esam m\u0113r\u0137tiec\u012bgi un strat\u0113\u0123iski dom\u0101jo\u0161i profesion\u0101\u013ci ar vair\u0101k nek\u0101 10 gadu pieredzi juridisko pakalpojumu sf\u0113r\u0101, kas apvienoju\u0161ies, lai sniegtu Jums kvalitat\u012bvus juridiskos pakalpojumus, kas sev\u012b ietver kompetentu juridisko konsult\u0101ciju, k\u0101 ar\u012b konstrukt\u012bvu un atkl\u0101tu r\u012bc\u012bbas pl\u0101nu, atbalstu un pal\u012bdz\u012bbu turpm\u0101kaj\u0101 sadarb\u012bb\u0101.<\/p>\n<h4 style=\"text-align: center;\"><em>\u201cM\u016bsu darbs ir m\u016bsu hobijs, un m\u0113s ticam, ka m\u016bsdienu main\u012bgaj\u0101 laik\u0101, inovat\u012bvi juridiskie risin\u0101jumi un pieejas, ir tas, kas sp\u0113j m\u016bs padar\u012bt par vienu no sp\u0113c\u012bg\u0101kajiem konkurentiem juridisko pakalpojumu sniedz\u0113ju vid\u016b!\u201d<\/em><\/h4>\n<p>M\u016bsu m\u0113r\u0137is ir sniegt augst\u0101k\u0101s kvalit\u0101tes pakalpojumus ikvienam klientam, savienojot to ar profesion\u0101lu individu\u0101lo pieeju un klientu juridisko aizsardz\u012bbu turpm\u0101kaj\u0101 sadarb\u012bbas period\u0101!<\/p>\n<p>Lai gan esam specializ\u0113ju\u0161ies civillietu un administrat\u012bvo lietu jaut\u0101jumos, sp\u0113jam nodro\u0161in\u0101t juridisko atbalstu ar\u012b vair\u0101k\u0101s cit\u0101s ties\u012bbu nozar\u0113s, piem\u0113ram, komercties\u012bb\u0101s, krimin\u0101lties\u012bb\u0101s un administrat\u012bvaj\u0101s ties\u012bb\u0101s. \u0145emot v\u0113r\u0101 p\u0113d\u0113j\u0101 laika aktualit\u0101tes, \u012bpa\u0161i esam piev\u0113rsu\u0161ies p\u0101rst\u0101v\u012bbai nekustamo \u012bpa\u0161umu jom\u0101, taj\u0101 skait\u0101 jaut\u0101jumos, kas skar b\u016bvniec\u012bbu.<\/p>\n<p>Ar liel\u0101ko degsmi un interesi iedzi\u013cin\u0101mies katr\u0101 liet\u0101, ar kuru klients v\u0113r\u0161as pie mums. Katrs m\u016bsu klients ir m\u016bsu v\u0113rt\u012bba, t\u0101p\u0113c rezult\u0101tu sasnieg\u0161an\u0101 str\u0101d\u0101jam ar lielu atdevi, kas v\u0113l\u0101k rezult\u0113jas ar lielisku ilgtermi\u0146a sadarb\u012bbu!<\/p>\n","protected":false},"excerpt":{"rendered":"<p>Juridiskais birojs TADEO ir jauns un m\u016bsdien\u012bgs pakalpojumu sniedz\u0113js tiem, kuriem nepiecie\u0161ama juridisk\u0101 pal\u012bdz\u012bba. Sniedzam pla\u0161a ranga pakalpojumus gan juridiskaj\u0101m, gan priv\u0101tperson\u0101m, pied\u0101v\u0101jot konsult\u0101cijas un juridiskos pakalpojumus visda\u017e\u0101d\u0101kaj\u0101s sf\u0113r\u0101s. Esam &#8230;<\/p>\n","protected":false},"author":1,"featured_media":0,"parent":0,"menu_order":0,"comment_status":"closed","ping_status":"closed","template":"","meta":[],"_links":{"self":[{"href":"https:\/\/tadeo.lv\/index.php\/wp-json\/wp\/v2\/pages\/189"}],"collection":[{"href":"https:\/\/tadeo.lv\/index.php\/wp-json\/wp\/v2\/pages"}],"about":[{"href":"https:\/\/tadeo.lv\/index.php\/wp-json\/wp\/v2\/types\/page"}],"author":[{"embeddable":true,"href":"https:\/\/tadeo.lv\/index.php\/wp-json\/wp\/v2\/users\/1"}],"replies":[{"embeddable":true,"href":"https:\/\/tadeo.lv\/index.php\/wp-json\/wp\/v2\/comments?post=189"}],"version-history":[{"count":29,"href":"https:\/\/tadeo.lv\/index.php\/wp-json\/wp\/v2\/pages\/189\/revisions"}],"predecessor-version":[{"id":1089,"href":"https:\/\/tadeo.lv\/index.php\/wp-json\/wp\/v2\/pages\/189\/revisions\/1089"}],"wp:attachment":[{"href":"https:\/\/tadeo.lv\/index.php\/wp-json\/wp\/v2\/media?parent=189"}],"curies":[{"name":"wp","href":"https:\/\/api.w.org\/{rel}","templated":true}]}}