{"id":1189,"date":"2020-12-09T08:23:07","date_gmt":"2020-12-09T06:23:07","guid":{"rendered":"http:\/\/tadeo.lv\/?page_id=1189"},"modified":"2020-12-09T15:10:55","modified_gmt":"2020-12-09T13:10:55","slug":"tiesisko-interesu-parstaviba-tiesibu-sargajosas-un-valsts-iestades-juridiskas-personas","status":"publish","type":"page","link":"https:\/\/tadeo.lv\/index.php\/tiesisko-interesu-parstaviba-tiesibu-sargajosas-un-valsts-iestades-juridiskas-personas\/?lang=lv","title":{"rendered":"Tiesisko intere\u0161u p\u0101rst\u0101v\u012bba ties\u012bbu sarg\u0101jo\u0161\u0101s un valsts iest\u0101d\u0113s juridisk\u0101m person\u0101m"},"content":{"rendered":"<p>TADEO juridiskaj\u0101 biroj\u0101 darbojas profesion\u0101li juristi ar vair\u0101k nek\u0101 10 gadu pieredzi da\u017e\u0101d\u0101s ties\u012bbu jom\u0101s. Kad runa ir par komunik\u0101ciju un sazi\u0146u ar ties\u012bbu sarg\u0101jo\u0161\u0101m un valsts iest\u0101d\u0113m, tad viennoz\u012bm\u012bgi pareiz\u0101k\u0101 izv\u0113le ir griezties p\u0113c pal\u012bdz\u012bbas pie jurista, kas b\u016bs ne tikai labs juridisko risin\u0101jumu padomdev\u0113js, bet ar\u012b uztic\u012bbas persona, kas p\u0101rst\u0101v\u0113s J\u016bsu intereses iest\u0101d\u0113, pan\u0101kot Jums labv\u0113l\u012bgu rezult\u0101tu.<\/p>\n<p><strong>\u00a0<\/strong><\/p>\n<p><strong>M\u0113s pied\u0101v\u0101jam \u0161\u0101dus juridiskos pakalpojumus:<\/strong><\/p>\n<ul>\n<li>inform\u0101cijas ieg\u016b\u0161anu no:\n<ul>\n<li>Zemesgr\u0101matas;<\/li>\n<li>Valsts zemes dienesta;<\/li>\n<li>Pilson\u012bbas un migr\u0101ciju lietu p\u0101rvaldes.<\/li>\n<\/ul>\n<\/li>\n<li>iesniegumu sagatavo\u0161anu iesnieg\u0161anai attiec\u012bgaj\u0101 instit\u016bcij\u0101;<\/li>\n<li>piepras\u012bjumu sagatavo\u0161anu iesnieg\u0161anai attiec\u012bgaj\u0101 instit\u016bcij\u0101;<\/li>\n<li>paskaidrojumu sagatavo\u0161anu iesnieg\u0161anai attiec\u012bgaj\u0101 instit\u016bcij\u0101;<\/li>\n<li>intere\u0161u p\u0101rst\u0101v\u012bbu \u2013 sarunu vad\u012b\u0161anu, komunik\u0101cijas nodro\u0161in\u0101\u0161anu ar instit\u016bciju;<\/li>\n<li>pie\u0146emto l\u0113mumu p\u0101rs\u016bdz\u0113\u0161anu iest\u0101des ietvaros, s\u016bdz\u012bbas iesnieg\u0161anu ties\u0101.<\/li>\n<li>administrat\u012bvo p\u0101rk\u0101pumu apstr\u012bd\u0113\u0161anu.<\/li>\n<\/ul>\n<p><strong>\u00a0<\/strong><strong>\u00a0<\/strong><\/p>\n<p><strong>Valsts iest\u0101des, kur\u0101s varam p\u0101rst\u0101v\u0113t J\u016bsu uz\u0146\u0113muma tiesisk\u0101s intereses:<\/strong><\/p>\n<ul>\n<li>Valsts policija (VP);<\/li>\n<li>Pa\u0161vald\u012bbas policija;<\/li>\n<li>Valsts ie\u0146\u0113mumu dienests (VID);<\/li>\n<li>Uz\u0146\u0113mumu re\u0123istrs (UR);<\/li>\n<li>B\u016bvniec\u012bbas valsts kontroles birojs (BVKB);<\/li>\n<li>Pat\u0113r\u0113t\u0101ju ties\u012bbu aizsardz\u012bbas centrs (PTAC);<\/li>\n<li>Valsts me\u017ea dienests (VMD);<\/li>\n<li>Valsts darba inspekcija (VDI);<\/li>\n<li>Uzturl\u012bdzek\u013cu garantiju fonda administr\u0101cija;<\/li>\n<li>Valsts vides dienests (VVD);<\/li>\n<li>Valsts zemes dienests.<\/li>\n<\/ul>\n<p><strong>\u00a0<\/strong><strong>\u00a0<\/strong><\/p>\n<p><strong>K\u0101p\u0113c ir nepiecie\u0161ams juridiskais atbalsts sazi\u0146\u0101 ar valsts iest\u0101d\u0113m?<\/strong><\/p>\n<p>Inform\u0101cijas piepras\u012b\u0161ana nepiecie\u0161ama, lai ieg\u016btu pier\u0101d\u012bjumus, kas b\u016bs nepiecie\u0161ami t\u0101l\u0101kai komunik\u0101cijai ar J\u016bsu dar\u012bjuma partneriem vai potenci\u0101lajiem sadarb\u012bbas partneriem, to iesnieg\u0161anai valsts un pa\u0161vald\u012bbu iest\u0101d\u0113s, ties\u012bbu sarg\u0101jo\u0161\u0101s iest\u0101d\u0113s un ties\u0101s. Inform\u0101cijas piepras\u012bjums nereti ir saist\u0101ms ar adres\u0101ta v\u0113lmi noskaidrot un\/vai preciz\u0113t k\u0101du tam interes\u0113jo\u0161o jaut\u0101jumu, kas attiec\u012bgi rad\u012bs skaidr\u012bbu turpm\u0101kai r\u012bc\u012bbai k\u0101d\u0101 noteikt\u0101 jaut\u0101jum\u0101.<\/p>\n<p>Juridiski korekti izveidoti iesniegumi, piepras\u012bjumi un paskaidrojumi atvieglo ne tikai sazi\u0146u ar iest\u0101di, bet ar\u012b sniedz iesp\u0113ju efekt\u012bv\u0101k sasniegt v\u0113lamo rezult\u0101tu ties\u012bbu aizsardz\u012bbas jom\u0101. Jurists ir t\u0101 persona, ar k\u0101 pal\u012bdz\u012bbu J\u016bs varat pan\u0101kt sev labv\u0113l\u012bgu rezult\u0101tu daudz \u0101tr\u0101k un sekm\u012bg\u0101k.<\/p>\n","protected":false},"excerpt":{"rendered":"<p>TADEO juridiskaj\u0101 biroj\u0101 darbojas profesion\u0101li juristi ar vair\u0101k nek\u0101 10 gadu pieredzi da\u017e\u0101d\u0101s ties\u012bbu jom\u0101s. Kad runa ir par komunik\u0101ciju un sazi\u0146u ar ties\u012bbu sarg\u0101jo\u0161\u0101m un valsts iest\u0101d\u0113m, tad viennoz\u012bm\u012bgi &#8230;<\/p>\n","protected":false},"author":1,"featured_media":0,"parent":0,"menu_order":0,"comment_status":"closed","ping_status":"closed","template":"","meta":[],"_links":{"self":[{"href":"https:\/\/tadeo.lv\/index.php\/wp-json\/wp\/v2\/pages\/1189"}],"collection":[{"href":"https:\/\/tadeo.lv\/index.php\/wp-json\/wp\/v2\/pages"}],"about":[{"href":"https:\/\/tadeo.lv\/index.php\/wp-json\/wp\/v2\/types\/page"}],"author":[{"embeddable":true,"href":"https:\/\/tadeo.lv\/index.php\/wp-json\/wp\/v2\/users\/1"}],"replies":[{"embeddable":true,"href":"https:\/\/tadeo.lv\/index.php\/wp-json\/wp\/v2\/comments?post=1189"}],"version-history":[{"count":4,"href":"https:\/\/tadeo.lv\/index.php\/wp-json\/wp\/v2\/pages\/1189\/revisions"}],"predecessor-version":[{"id":1214,"href":"https:\/\/tadeo.lv\/index.php\/wp-json\/wp\/v2\/pages\/1189\/revisions\/1214"}],"wp:attachment":[{"href":"https:\/\/tadeo.lv\/index.php\/wp-json\/wp\/v2\/media?parent=1189"}],"curies":[{"name":"wp","href":"https:\/\/api.w.org\/{rel}","templated":true}]}}